{"id":28600,"date":"2022-03-16T09:13:47","date_gmt":"2022-03-16T09:13:47","guid":{"rendered":"https:\/\/evotek.md\/produse\/fara-categorie\/suprafata-de-prajire-semi-riflata-36-cm-09365160\/"},"modified":"2023-11-27T13:02:44","modified_gmt":"2023-11-27T13:02:44","slug":"m-09365160","status":"publish","type":"product","link":"https:\/\/evotek.md\/ro\/produse\/echipamente-termice\/suprafete-de-prajire\/m-09365160\/","title":{"rendered":"SUPRAFATA DE PRAJIT ELECTRICA, NETEDA+RIFLATA 36 cm -M-09365160"},"content":{"rendered":"<p><strong>SUPRAFATA DE PRAJIT ELECTRICA, NETEDA+RIFLATA 36 cm -M-09365160-<\/strong> Suprafa\u021ba electric\u0103 de pr\u0103jire are o zon\u0103 neted\u0103 \u0219i riflat\u0103 din o\u021bel de 8 mm grosime cu finisaj mat \u0219i este potrivit\u0103 pentru performan\u021b\u0103 ridicat\u0103 \u0219i utilizare zilnic\u0103 continu\u0103. Suprafa\u021ba are o distribu\u021bie uniform\u0103 a c\u0103ldurii, astfel \u00eenc\u00e2t bucatele se prepar\u0103 uniform. Sub zona de lucru se afl\u0103 o tav\u0103 de gr\u0103sime deta\u0219abil\u0103, iar suprafa\u021ba este prev\u0103zut\u0103 cu ap\u0103r\u0103toare \u00eenalte din o\u021bel inoxidabil pentru a preveni stropirea cu ulei. \u00cempreun\u0103 cu designul ergonomic, aceasta asigur\u0103 o munc\u0103 pl\u0103cut\u0103 \u0219i sigur\u0103. Carcasa din o\u021bel inoxidabil, ap\u0103r\u0103toarele \u0219i suprafa\u021ba de lucru sunt u\u0219or de cur\u0103\u021bat. Cu acest aparat, pute\u021bi pr\u0103ji un num\u0103r mare de bucate \u00een acela\u0219i timp.<\/p>\n<p>Caracteristici<br \/>\nSuprafata de prajit cu finisaj satinat<br \/>\nTermostat de la 50 \u00baC la 300 \u00baC<br \/>\nIndicator de temperatur\u0103<br \/>\nDistribu\u021bie uniform\u0103 \u0219i rapid\u0103 a c\u0103ldurii<br \/>\nSt\u0103 pe 4 picioare de cauciuc<br \/>\nConstruc\u021bie foarte durabil\u0103<br \/>\nDesign igienic<br \/>\nGreutate neta: 17 kg<br \/>\nDimensiuni suprafata: L356 x D385 mm<br \/>\nDimensiuni aparat: L360 x D450 x H220 mm<br \/>\nPutere electric\u0103 total\u0103: 2,0 kW<br \/>\nPutere: 230V \/ 50Hz \/ 1 faza 2000W<\/p>\n","protected":false},"excerpt":{"rendered":"<p><span style=\"font-size: 14.4px\">Suprafa\u021b\u0103 de pr\u0103jit semi-riflat\u0103 cu finisaj satinat <\/span>36 cm. Termostat de la 50 \u00baC la 300 \u00baC; Indicator de temperatur\u0103; Distribu\u021bie uniform\u0103 \u0219i rapid\u0103 a c\u0103ldurii; St\u0103 pe 4 picioare de cauciuc; Construc\u021bie foarte durabil\u0103; Design igienic; Greutate neta: 17 kg; Dimensiuni suprafata: L356 x D385 mm; Dimensiuni aparat: L360 x D450 x H220 mm; Putere electric\u0103 total\u0103: 2,0 kW; Putere: 230V \/ 50Hz \/ 1 faza 2000W.<\/p>\n","protected":false},"featured_media":28589,"template":"","meta":[],"_links":{"self":[{"href":"https:\/\/evotek.md\/ro\/wp-json\/wp\/v2\/product\/28600"}],"collection":[{"href":"https:\/\/evotek.md\/ro\/wp-json\/wp\/v2\/product"}],"about":[{"href":"https:\/\/evotek.md\/ro\/wp-json\/wp\/v2\/types\/product"}],"wp:featuredmedia":[{"embeddable":true,"href":"https:\/\/evotek.md\/ro\/wp-json\/wp\/v2\/media\/28589"}],"wp:attachment":[{"href":"https:\/\/evotek.md\/ro\/wp-json\/wp\/v2\/media?parent=28600"}],"curies":[{"name":"wp","href":"https:\/\/api.w.org\/{rel}","templated":true}]}}