{"id":28547,"date":"2022-03-15T14:57:46","date_gmt":"2022-03-15T14:57:46","guid":{"rendered":"https:\/\/evotek.md\/produse\/fara-categorie\/forma-pentru-tarte-250-231-mm-1-buc-m-09374306\/"},"modified":"2022-03-15T15:54:00","modified_gmt":"2022-03-15T15:54:00","slug":"forma-pentru-tarte-250-231-mm-1-buc-m-09374306","status":"publish","type":"product","link":"https:\/\/evotek.md\/ro\/produse\/echipamente-termice\/aparat-pentru-tarte\/forma-pentru-tarte-250-231-mm-1-buc-m-09374306\/","title":{"rendered":"FORM\u0102 PENTRU TARTE -250\/231 mm -rotund\u0103 1 buc. M-09374306"},"content":{"rendered":"<p><strong>FORM\u0102 PENTRU TARTE -250\/231 mm -rotund\u0103 1 buc. M-09374306<\/strong><\/p>\n<p>Caracteristici<br \/>\nDimensiunea interioar\u0103 a tartei: \u00d8 231 mm<br \/>\nDimensiunea exterioar\u0103 a tartei: \u00d8 250 mm<br \/>\n\u00cen\u0103l\u021bimea tartei: 19 mm<br \/>\nDimensiuni generale a tavei: L380 x D328 mm<\/p>\n","protected":false},"excerpt":{"rendered":"<p>Form\u0103 pentru tarte &#8211; rotund\u0103 &#8211; 1 bucat\u0103. Dimensiunea interioar\u0103 a tartei: \u00d8 231 mm; Dimensiunea exterioar\u0103 a tartei: \u00d8 250 mm; \u00cen\u0103l\u021bimea tartei: 19 mm; Dimensiuni generale a tavei: L380 x D328 mm.<\/p>\n","protected":false},"featured_media":28542,"template":"","meta":[],"_links":{"self":[{"href":"https:\/\/evotek.md\/ro\/wp-json\/wp\/v2\/product\/28547"}],"collection":[{"href":"https:\/\/evotek.md\/ro\/wp-json\/wp\/v2\/product"}],"about":[{"href":"https:\/\/evotek.md\/ro\/wp-json\/wp\/v2\/types\/product"}],"wp:featuredmedia":[{"embeddable":true,"href":"https:\/\/evotek.md\/ro\/wp-json\/wp\/v2\/media\/28542"}],"wp:attachment":[{"href":"https:\/\/evotek.md\/ro\/wp-json\/wp\/v2\/media?parent=28547"}],"curies":[{"name":"wp","href":"https:\/\/api.w.org\/{rel}","templated":true}]}}