{"id":28537,"date":"2022-03-15T14:45:34","date_gmt":"2022-03-15T14:45:34","guid":{"rendered":"https:\/\/evotek.md\/produse\/fara-categorie\/forma-pentru-tarte-30-o-mm-30-buc-m-09374305\/"},"modified":"2022-03-15T15:57:36","modified_gmt":"2022-03-15T15:57:36","slug":"forma-pentru-tarte-30-o-mm-30-buc-m-09374305","status":"publish","type":"product","link":"https:\/\/evotek.md\/ro\/produse\/echipamente-termice\/aparat-pentru-tarte\/forma-pentru-tarte-30-o-mm-30-buc-m-09374305\/","title":{"rendered":"FORM\u0102 PENTRU TARTE 30 \u00d8 mm -rotund\u0103 30 buc. M-09374305"},"content":{"rendered":"<p><strong>FORM\u0102 PENTRU TARTE 30 \u00d8 mm -rotund\u0103 30 buc. M-09374305<\/strong><\/p>\n<p>Caracteristici<br \/>\nForm\u0103 pentru tarte: 30 buc\u0103\u021bi<br \/>\nDimensiunea exterioara a tartei: \u00d8 30 mm<br \/>\nDimensiuni generale a tavei: L380 x D328 mm<\/p>\n","protected":false},"excerpt":{"rendered":"<p>Form\u0103 pentru tarte, rotund\u0103 &#8211; 30 buc\u0103\u021bi. Dimensiunea exterioara a tartei: \u00d8 30 mm; Dimensiuni generale a tavei: L380 x D328 mm.<\/p>\n","protected":false},"featured_media":28532,"template":"","meta":[],"_links":{"self":[{"href":"https:\/\/evotek.md\/ro\/wp-json\/wp\/v2\/product\/28537"}],"collection":[{"href":"https:\/\/evotek.md\/ro\/wp-json\/wp\/v2\/product"}],"about":[{"href":"https:\/\/evotek.md\/ro\/wp-json\/wp\/v2\/types\/product"}],"wp:featuredmedia":[{"embeddable":true,"href":"https:\/\/evotek.md\/ro\/wp-json\/wp\/v2\/media\/28532"}],"wp:attachment":[{"href":"https:\/\/evotek.md\/ro\/wp-json\/wp\/v2\/media?parent=28537"}],"curies":[{"name":"wp","href":"https:\/\/api.w.org\/{rel}","templated":true}]}}