{"id":28527,"date":"2022-03-15T14:04:53","date_gmt":"2022-03-15T14:04:53","guid":{"rendered":"https:\/\/evotek.md\/produse\/fara-categorie\/aparat-pentru-tarte-m-09374300\/"},"modified":"2022-03-15T14:33:21","modified_gmt":"2022-03-15T14:33:21","slug":"aparat-pentru-tarte-m-09374300","status":"publish","type":"product","link":"https:\/\/evotek.md\/ro\/produse\/echipamente-termice\/aparat-pentru-tarte\/aparat-pentru-tarte-m-09374300\/","title":{"rendered":"APARAT PENTRU TARTE M-09374300"},"content":{"rendered":"<p><strong>APARAT PENTRU TARTE M-09374300-<\/strong> Cu aceast\u0103 ma\u0219in\u0103 pute\u021bi coace rapid mai multe tartete \u00een acela\u0219i timp. T\u0103vile cu forme pentru tarte sunt interschimbabile, astfel \u00eenc\u00e2t s\u0103 pute\u021bi schimba singur formele, \u00een dependen\u021b\u0103 de ce dimensiuni dori\u021bi s\u0103 face\u021bi. Tavile sunt realizate din aluminiu cu un strat antiaderent. Aparatul este fixat cu 4 \u0219uruburi de tavele cu form\u0103, astfel prin sl\u0103birea lor pute\u021bi schimba t\u0103vile cu un alt model necesar. Finisajul din o\u021bel inoxidabil face ca ma\u0219ina de tarte s\u0103 fie igienic\u0103 \u0219i u\u0219or de cur\u0103\u021bat.<\/p>\n<p>Caracteristici<br \/>\nFiabil \u0219i u\u0219or de operat<br \/>\nAparatul nu include nici o tav\u0103 cu form\u0103<br \/>\nTermostat variabil de la 50\u00b0C la 300\u00b0C<br \/>\nAparatul nu include tavele cu forme<br \/>\nEchipat cu un cronometru<br \/>\nIndicator de temperatur\u0103<br \/>\nEcran digital<br \/>\nM\u00e2ner durabil<br \/>\nPrevazut cu tava de picurare<br \/>\nSt\u0103 pe 4 picioare din o\u021bel inoxidabil<br \/>\nConstruc\u021bie foarte durabil\u0103<br \/>\nDesign igienic<br \/>\nGreutate neta: 20 kg<br \/>\nDimensiuni aparat: L440 x D470 x H465 mm<br \/>\nPutere electrica totala: 3,2 kW &#8211; 230 V \/ 50 Hz \/ 1 faza 3200 W<\/p>\n","protected":false},"excerpt":{"rendered":"<p>Aparat pentru tarte. Fiabil \u0219i u\u0219or de operat; Aparatul nu include nici o tav\u0103 cu form\u0103; Termostat variabil de la 50\u00b0C la 300\u00b0C; Aparatul nu include tavele cu forme; Echipat cu un cronometru; Indicator de temperatur\u0103; Ecran digital; M\u00e2ner durabil; Prevazut cu tava de picurare; St\u0103 pe 4 picioare din o\u021bel inoxidabil; Construc\u021bie foarte durabil\u0103; Design igienic; Greutate neta: 20 kg; Dimensiuni aparat: L440 x D470 x H465 mm; Putere electrica totala: 3,2 kW &#8211; 230 V \/ 50 Hz \/ 1 faza 3200 W.<\/p>\n","protected":false},"featured_media":28508,"template":"","meta":[],"_links":{"self":[{"href":"https:\/\/evotek.md\/ro\/wp-json\/wp\/v2\/product\/28527"}],"collection":[{"href":"https:\/\/evotek.md\/ro\/wp-json\/wp\/v2\/product"}],"about":[{"href":"https:\/\/evotek.md\/ro\/wp-json\/wp\/v2\/types\/product"}],"wp:featuredmedia":[{"embeddable":true,"href":"https:\/\/evotek.md\/ro\/wp-json\/wp\/v2\/media\/28508"}],"wp:attachment":[{"href":"https:\/\/evotek.md\/ro\/wp-json\/wp\/v2\/media?parent=28527"}],"curies":[{"name":"wp","href":"https:\/\/api.w.org\/{rel}","templated":true}]}}