{"id":28502,"date":"2022-03-15T13:01:08","date_gmt":"2022-03-15T13:01:08","guid":{"rendered":"https:\/\/evotek.md\/produse\/fara-categorie\/friteuza-electrica-cu-robinet-si-dulap-35-l-m-09365233\/"},"modified":"2023-03-01T10:33:23","modified_gmt":"2023-03-01T10:33:23","slug":"friteuza-electrica-cu-robinet-si-dulap-35-l-m-09365233","status":"publish","type":"product","link":"https:\/\/evotek.md\/ro\/produse\/echipamente-pentru-fast-food\/friteuze-2\/friteuza-electrica-cu-robinet-si-dulap-35-l-m-09365233\/","title":{"rendered":"FRITEUZA ELECTRICA CU ROBINET SI DULAP, 35 LITRI -M-09365233"},"content":{"rendered":"<p><strong>FRITEUZA ELECTRICA CU ROBINET SI DULAP, 35 LITRI -M-09365233-<\/strong> este o friteuza versatila potrivita pentru utilizarea zilnica. Friteuza are o capacitate de 35 de litri cu robinet, astfel incat puteti schimba cu usurinta uleiul. Friteuza de 35 de litri are col\u021buri rotunjite \u0219i vine cu un capac pentru a preveni stropirea uleiului. \u00cempreun\u0103 cu designul ergonomic al friteuzei, aceasta asigur\u0103 o munc\u0103 pl\u0103cut\u0103 \u0219i sigur\u0103. Carcasa, co\u0219ul \u0219i cuva sunt u\u0219or de cur\u0103\u021bat. Friteuza de 35 de litri este potrivit\u0103 pentru pr\u0103jirea unei variet\u0103\u021bi mari de alimente.<\/p>\n<p>Caracteristici<br \/>\nFriteuza 35 l<br \/>\nTermostat 50 \u00b0C p\u00e2n\u0103 la 200 \u00b0C<br \/>\nIndicator de temperatur\u0103<br \/>\nM\u00e2ner rezistent la c\u0103ldur\u0103<br \/>\nAre robinet<br \/>\nInclusiv dulap de depozitare<br \/>\nGril\u0103 pentru colectarea resturilor de pr\u0103jit<br \/>\nSt\u0103 pe 4 picioare de cauciuc<br \/>\nConstruc\u021bie foarte durabil\u0103<br \/>\nDesign igienic<br \/>\nGreutate neta: 36,5 kg<br \/>\nMin. Capacitate ulei: 20 l<br \/>\nMaxim. Capacitate ulei: 26 l<br \/>\nCapacitate cartofi prajiti: 4,1 kg<br \/>\nDimensiuni co\u0219: L455 x D250 x H145 mm<br \/>\nDimensiuni aparat: L606 x D575 x H915 mm<br \/>\nPutere electric\u0103 total\u0103: 6,0 kW<br \/>\nPutere: 400V \/ 50Hz \/ 3 faze 6000W<\/p>\n","protected":false},"excerpt":{"rendered":"<p>Friteuza 35 l cu robinet si dulap. Termostat 50 \u00b0C p\u00e2n\u0103 la 200 \u00b0C; Indicator de temperatur\u0103; M\u00e2ner rezistent la c\u0103ldur\u0103; Are robinet; Inclusiv dulap de depozitare; Gril\u0103 pentru colectarea resturilor de pr\u0103jit; St\u0103 pe 4 picioare de cauciuc; Construc\u021bie foarte durabil\u0103; Design igienic; Greutate neta: 36,5 kg; Min. capacitate ulei: 20 l; Maxim. capacitate ulei: 26 l; Capacitate cartofi prajiti: 4,1 kg; Dimensiuni co\u0219: L455 x D250 x H145 mm; Dimensiuni aparat: L606 x D575 x H915 mm; Putere electric\u0103 total\u0103: 6,0 kW; Putere: 400V \/ 50Hz \/ 3 faze 6000W.<\/p>\n","protected":false},"featured_media":28485,"template":"","meta":[],"_links":{"self":[{"href":"https:\/\/evotek.md\/ro\/wp-json\/wp\/v2\/product\/28502"}],"collection":[{"href":"https:\/\/evotek.md\/ro\/wp-json\/wp\/v2\/product"}],"about":[{"href":"https:\/\/evotek.md\/ro\/wp-json\/wp\/v2\/types\/product"}],"wp:featuredmedia":[{"embeddable":true,"href":"https:\/\/evotek.md\/ro\/wp-json\/wp\/v2\/media\/28485"}],"wp:attachment":[{"href":"https:\/\/evotek.md\/ro\/wp-json\/wp\/v2\/media?parent=28502"}],"curies":[{"name":"wp","href":"https:\/\/api.w.org\/{rel}","templated":true}]}}