{"id":28479,"date":"2022-03-15T12:39:57","date_gmt":"2022-03-15T12:39:57","guid":{"rendered":"https:\/\/evotek.md\/produse\/fara-categorie\/friteuza-electrica-15-l-m-09365210\/"},"modified":"2023-02-28T15:36:01","modified_gmt":"2023-02-28T15:36:01","slug":"friteuza-electrica-15-l-m-09365210","status":"publish","type":"product","link":"https:\/\/evotek.md\/ro\/produse\/echipamente-pentru-fast-food\/friteuze-2\/friteuza-electrica-15-l-m-09365210\/","title":{"rendered":"FRITEUZA ELECTRICA, 15 LITRI -M-09365210"},"content":{"rendered":"<p><strong>FRITEUZA ELECTRICA, 15 LITRI -M-09365210-<\/strong> Friteuza electrica 15L este formata din 2 elemente de incalzire separate si un cos de prajit. Avantajul de a avea dou\u0103 elemente de \u00eenc\u0103lzire separate este c\u0103 nu ave\u021bi nevoie de curent de alimentare. Acest lucru face ca friteuza de 15 L s\u0103 fie potrivit\u0103 pentru utilizare \u00een toate condi\u021biile. Elementele de \u00eenc\u0103lzire pot func\u021biona separat unele de altele. Friteuza de 15 litri are col\u021buri rotunjite. \u00cempreun\u0103 cu designul ergonomic al friteuzei, aceasta asigur\u0103 o munc\u0103 pl\u0103cut\u0103 \u0219i sigur\u0103. Carcasa, friteuza \u0219i co\u0219ul din o\u021bel inoxidabil sunt u\u0219or de cur\u0103\u021bat. O friteuza cu un volum de 20 de litri este potrivita pentru prajirea unui numar mare de produse.<\/p>\n<p>Caracteristici<br \/>\nFriteuza 15L<br \/>\nTermostat 50 \u00b0C p\u00e2n\u0103 la 200 \u00b0C<br \/>\nDou\u0103 elemente de \u00eenc\u0103lzire separate<br \/>\nIndicator de temperatur\u0103<br \/>\nM\u00e2ner rezistent la c\u0103ldur\u0103<br \/>\nSt\u0103 pe 4 picioare de cauciuc<br \/>\nConstruc\u021bie foarte durabil\u0103<br \/>\nDesign igienic<br \/>\nGreutate neta: 12 kg<br \/>\nMin. capacitate ulei: 14 l<br \/>\nMaxim capacitate ulei: 16 l<br \/>\nCapacitate cartofi prajiti: 3 kg<br \/>\nDimensiuni co\u0219: L470 x D275 x H95 mm.<br \/>\nDimensiuni aparat: L570 x D440 x H315 mm<br \/>\nPuterea elementului de \u00eenc\u0103lzire: 2,5 + 2,5 kW<br \/>\nPutere electric\u0103 total\u0103: 5,0 kW<br \/>\nPutere: 230V \/ 50Hz \/ 1 faza 2 x 2500W<\/p>\n","protected":false},"excerpt":{"rendered":"<p>Friteuza electric\u0103 15 L. Termostat 50 \u00b0C p\u00e2n\u0103 la 200 \u00b0C; Dou\u0103 elemente de \u00eenc\u0103lzire separate; Indicator de temperatur\u0103; M\u00e2ner rezistent la c\u0103ldur\u0103; St\u0103 pe 4 picioare de cauciuc; Construc\u021bie foarte durabil\u0103; Design igienic; Greutate neta: 12 kg; Min. capacitate ulei: 14 l; Maxim capacitate ulei: 16 l; Capacitate cartofi prajiti: 3 kg; Dimensiuni co\u0219: L470 x D275 x H95 mm; Dimensiuni aparat: L570 x D440 x H315 mm; Puterea elementului de \u00eenc\u0103lzire: 2,5 + 2,5 kW; Putere electric\u0103 total\u0103: 5,0 kW; Putere: 230V \/ 50Hz \/ 1 faza 2 x 2500W.<\/p>\n","protected":false},"featured_media":28462,"template":"","meta":[],"_links":{"self":[{"href":"https:\/\/evotek.md\/ro\/wp-json\/wp\/v2\/product\/28479"}],"collection":[{"href":"https:\/\/evotek.md\/ro\/wp-json\/wp\/v2\/product"}],"about":[{"href":"https:\/\/evotek.md\/ro\/wp-json\/wp\/v2\/types\/product"}],"wp:featuredmedia":[{"embeddable":true,"href":"https:\/\/evotek.md\/ro\/wp-json\/wp\/v2\/media\/28462"}],"wp:attachment":[{"href":"https:\/\/evotek.md\/ro\/wp-json\/wp\/v2\/media?parent=28479"}],"curies":[{"name":"wp","href":"https:\/\/api.w.org\/{rel}","templated":true}]}}