{"id":28456,"date":"2022-03-15T11:59:26","date_gmt":"2022-03-15T11:59:26","guid":{"rendered":"https:\/\/evotek.md\/produse\/fara-categorie\/friteuza-electrica-2-x-13-l-cu-robinet-m-09365231\/"},"modified":"2023-02-28T15:35:39","modified_gmt":"2023-02-28T15:35:39","slug":"friteuza-electrica-2-x-13-l-cu-robinet-m-09365231","status":"publish","type":"product","link":"https:\/\/evotek.md\/ro\/produse\/echipamente-pentru-fast-food\/friteuze-2\/friteuza-electrica-2-x-13-l-cu-robinet-m-09365231\/","title":{"rendered":"FRITEUZA ELECTRICA CU ROBINET, 13+13 LITRI -M-09365231"},"content":{"rendered":"<p><strong>FRITEUZA ELECTRICA CU ROBINET, 13+13 LITRI -M-09365231-<\/strong> este o friteuza universala potrivita pentru utilizarea zilnica. Friteuza este echipata cu doua recipiente de 13 litri cu robinete, ceea ce faciliteaza schimbarea uleiului. Friteuza de 2 x 13 L are col\u021buri rotunjite \u0219i prev\u0103zut\u0103 cu capace pentru a preveni stropirea de ulei. \u00cempreun\u0103 cu designul ergonomic al friteuzei, aceasta asigur\u0103 o munc\u0103 pl\u0103cut\u0103 \u0219i sigur\u0103. Carcasa, cuvele \u0219i co\u0219urile din o\u021bel inoxidabil sunt u\u0219or de cur\u0103\u021bat. Friteuza cu un volum de 26 litri este potrivita pentru prajirea diverselor preparate.<\/p>\n<p>Caracteristici<br \/>\nFriteuza 2 x 13 l<br \/>\nTermostat 50 \u00b0C p\u00e2n\u0103 la 200 \u00b0C<br \/>\nElemente de \u00eenc\u0103lzire individuale<br \/>\nIndicator de temperatur\u0103<br \/>\nM\u00e2ner rezistent la c\u0103ldur\u0103<br \/>\nAre robinete<br \/>\nSt\u0103 pe 4 picioare de cauciuc<br \/>\nConstruc\u021bie foarte durabil\u0103<br \/>\nDesign igienic al produsului<br \/>\nGreutate neta: 16,5 kg<br \/>\nMin. capacitate ulei: 2 x 8,9 L<br \/>\nMaxim capacitate ulei: 2 x 11,6 L<br \/>\nCapacitate cartofi prajiti: 2 x 1,1 kg<br \/>\nDimensiuni co\u0219: L200 x D210 x H110 mm<br \/>\nDimensiuni aparat: L630 x D490 x H360 mm<br \/>\nPuterea elementului de \u00eenc\u0103lzire: 3,0 + 3,0 kW<br \/>\nPutere electric\u0103 total\u0103: 6,0 kW<br \/>\nAlimentare: 230 V \/ 50 Hz \/ 1 faza 2 x 3000 W<\/p>\n","protected":false},"excerpt":{"rendered":"<p>Friteuz\u0103 electric\u0103 2 x 13 l cu robinet. Termostat 50 \u00b0C p\u00e2n\u0103 la 200 \u00b0; CElemente de \u00eenc\u0103lzire individuale; Indicator de temperatur\u0103; M\u00e2ner rezistent la c\u0103ldur\u0103; Are robinete; St\u0103 pe 4 picioare de cauciuc; Construc\u021bie foarte durabil\u0103; Design igienic al produsului; Greutate neta: 16,5 kg; Min. capacitate ulei: 2 x 8,9 L; Maxim capacitate ulei: 2 x 11,6 L; Capacitate cartofi prajiti: 2 x 1,1 kg; Dimensiuni co\u0219: L200 x D210 x H110 mm; Dimensiuni aparat: L630 x D490 x H360 mm; Puterea elementului de \u00eenc\u0103lzire: 3,0 + 3,0 kW; Putere electric\u0103 total\u0103: 6,0 kW; Alimentare: 230 V \/ 50 Hz \/ 1 faza 2 x 3000 W.<\/p>\n","protected":false},"featured_media":28441,"template":"","meta":[],"_links":{"self":[{"href":"https:\/\/evotek.md\/ro\/wp-json\/wp\/v2\/product\/28456"}],"collection":[{"href":"https:\/\/evotek.md\/ro\/wp-json\/wp\/v2\/product"}],"about":[{"href":"https:\/\/evotek.md\/ro\/wp-json\/wp\/v2\/types\/product"}],"wp:featuredmedia":[{"embeddable":true,"href":"https:\/\/evotek.md\/ro\/wp-json\/wp\/v2\/media\/28441"}],"wp:attachment":[{"href":"https:\/\/evotek.md\/ro\/wp-json\/wp\/v2\/media?parent=28456"}],"curies":[{"name":"wp","href":"https:\/\/api.w.org\/{rel}","templated":true}]}}