{"id":28436,"date":"2022-03-15T11:14:13","date_gmt":"2022-03-15T11:14:13","guid":{"rendered":"https:\/\/evotek.md\/produse\/fara-categorie\/friteuza-electrica-13-l-m-09365230\/"},"modified":"2023-03-01T10:44:58","modified_gmt":"2023-03-01T10:44:58","slug":"friteuza-electrica-13-l-m-09365230","status":"publish","type":"product","link":"https:\/\/evotek.md\/ro\/produse\/echipamente-pentru-fast-food\/friteuze-2\/friteuza-electrica-13-l-m-09365230\/","title":{"rendered":"FRITEUZA ELECTRICA CU ROBINET, 13 LITRI -M-09365230"},"content":{"rendered":"<p><strong>FRITEUZA ELECTRICA CU ROBINET, 13 LITRI -M-09365230-<\/strong> este o friteuz\u0103 versatil\u0103 potrivit\u0103 pentru utilizarea zilnic\u0103. Friteuza are un rezervor de 13 litri cu robinet pentru a putea schimba cu usurinta uleiul. Friteuza de 13 litri este finisata frumos, cu colturi rotunjite si vine cu un capac pentru a preveni stropii de ulei. \u00cempreun\u0103 cu designul ergonomic al friteuzei, aceasta asigur\u0103 o munc\u0103 pl\u0103cut\u0103 \u0219i sigur\u0103. Carcasa, friteuza \u0219i co\u0219ul din o\u021bel inoxidabil sunt u\u0219or de cur\u0103\u021bat. Friteuza cu un volum de 13 litri este potrivita pentru prajirea diverselor feluri de mancare.<\/p>\n<p>Caracteristici<br \/>\nFriteuza 13 l<br \/>\nTermostat 50 \u00b0C p\u00e2n\u0103 la 200 \u00b0C<br \/>\nIndicator de temperatur\u0103<br \/>\nM\u00e2ner rezistent la c\u0103ldur\u0103<br \/>\nAre robinet<br \/>\nSt\u0103 pe 4 picioare de cauciuc<br \/>\nConstruc\u021bie foarte durabil\u0103<br \/>\nDesign igienic al produsului<br \/>\nGreutate neta: 9,5 kg<br \/>\nMin. Capacitate ulei: 1 x 8,9 L<br \/>\nCapacitate maxim\u0103 de ulei: 1 x 11,6 L<br \/>\nCapacitate cartofi prajiti: 1,1 kg<br \/>\nDimensiuni co\u0219: L200 x D210 x H110 mm.<br \/>\nDimensiuni aparat: L310 x D490 x H360 mm<br \/>\nPutere electric\u0103 total\u0103: 3,0 kW<br \/>\nPutere: 230V \/ 50Hz \/ 1 faza 3000W<\/p>\n","protected":false},"excerpt":{"rendered":"<p>Friteuza electric\u0103 13 l. Termostat 50 \u00b0C p\u00e2n\u0103 la 200 \u00b0C; Indicator de temperatur\u0103; M\u00e2ner rezistent la c\u0103ldur\u0103; Are robinet; St\u0103 pe 4 picioare de cauciuc; Construc\u021bie foarte durabil\u0103; Design igienic al produsului; Greutate neta: 9,5 kg; Min. capacitate ulei: 1 x 8,9 L; Capacitate maxim\u0103 de ulei: 1 x 11,6 L; Capacitate cartofi prajiti: 1,1 kg; Dimensiuni co\u0219: L200 x D210 x H110 mm; Dimensiuni aparat: L310 x D490 x H360 mm; Putere electric\u0103 total\u0103: 3,0 kW; Putere: 230V \/ 50Hz \/ 1 faza 3000W.<\/p>\n","protected":false},"featured_media":28420,"template":"","meta":[],"_links":{"self":[{"href":"https:\/\/evotek.md\/ro\/wp-json\/wp\/v2\/product\/28436"}],"collection":[{"href":"https:\/\/evotek.md\/ro\/wp-json\/wp\/v2\/product"}],"about":[{"href":"https:\/\/evotek.md\/ro\/wp-json\/wp\/v2\/types\/product"}],"wp:featuredmedia":[{"embeddable":true,"href":"https:\/\/evotek.md\/ro\/wp-json\/wp\/v2\/media\/28420"}],"wp:attachment":[{"href":"https:\/\/evotek.md\/ro\/wp-json\/wp\/v2\/media?parent=28436"}],"curies":[{"name":"wp","href":"https:\/\/api.w.org\/{rel}","templated":true}]}}