{"id":28416,"date":"2022-03-15T09:56:23","date_gmt":"2022-03-15T09:56:23","guid":{"rendered":"https:\/\/evotek.md\/produse\/fara-categorie\/friteuza-electrica-m-09365228\/"},"modified":"2023-03-01T10:41:33","modified_gmt":"2023-03-01T10:41:33","slug":"friteuza-electrica-m-09365228","status":"publish","type":"product","link":"https:\/\/evotek.md\/ro\/produse\/echipamente-pentru-fast-food\/friteuze-2\/friteuza-electrica-m-09365228\/","title":{"rendered":"FRITEUZA ELECTRICA CU ROBINET, 10 LITRI -M-09365228"},"content":{"rendered":"<p><strong>FRITEUZA ELECTRICA CU ROBINET, 10 LITRI -M-09365228-<\/strong> este o friteuza versatila potrivita pentru utilizarea zilnica. Friteuza are o capacitate de 10 litri cu robinet pentru a putea schimba cu usurinta uleiul. Friteuza de 10 L are un finisaj \u00eengrijit, cu col\u021buri rotunjite \u0219i un capac pentru a preveni stropirea uleiului. \u00cempreun\u0103 cu designul ergonomic al friteuzei, aceasta asigur\u0103 o munc\u0103 pl\u0103cut\u0103 \u0219i sigur\u0103. Carcasa, friteuza \u0219i co\u0219ul din o\u021bel inoxidabil sunt u\u0219or de cur\u0103\u021bat. Friteuza cu un volum de 10 litri este potrivita pentru prajirea diverselor feluri de mancare.<\/p>\n<p>Caracteristici<br \/>\nFriteuza 10 l<br \/>\nTermostat 50 \u00b0C p\u00e2n\u0103 la 200 \u00b0C<br \/>\nIndicator de temperatur\u0103<br \/>\nM\u00e2ner rezistent la c\u0103ldur\u0103<br \/>\nAre robinet<br \/>\nSt\u0103 pe 4 picioare de cauciuc<br \/>\nConstruc\u021bie foarte durabil\u0103<br \/>\nDesign igienic<br \/>\nGreutate neta: 8,3 kg<br \/>\nMin. capacitate ulei: 1 x 6.5L<br \/>\nCapacitate maxim\u0103 de ulei: 1 x 8,7 L<br \/>\nCapacitate cartofi prajiti: 0,9 kg<br \/>\nDimensiuni co\u0219: L190 x D210 x H95 mm<br \/>\nDimensiuni aparat: L280 x D500 x H350 mm<br \/>\nPutere electric\u0103 total\u0103: 3,0 kW<br \/>\nPutere: 230V \/ 50Hz \/ 1 faza 3000W<\/p>\n","protected":false},"excerpt":{"rendered":"<p>Friteuza electric\u0103 10 l. Termostat 50 \u00b0C p\u00e2n\u0103 la 200 \u00b0C; Indicator de temperatur\u0103; M\u00e2ner rezistent la c\u0103ldur\u0103; Are robinet; St\u0103 pe 4 picioare de cauciuc; Construc\u021bie foarte durabil\u0103; Design igienic; Greutate neta: 8,3 kg; Min. capacitate ulei: 1 x 6.5L; Capacitate maxim\u0103 de ulei: 1 x 8,7 L; Capacitate cartofi prajiti: 0,9 kg; Dimensiuni co\u0219: L190 x D210 x H95 mm; Dimensiuni aparat: L280 x D500 x H350 mm; Putere electric\u0103 total\u0103: 3,0 kW; Putere: 230V \/ 50Hz \/ 1 faza 3000W.<\/p>\n","protected":false},"featured_media":28401,"template":"","meta":[],"_links":{"self":[{"href":"https:\/\/evotek.md\/ro\/wp-json\/wp\/v2\/product\/28416"}],"collection":[{"href":"https:\/\/evotek.md\/ro\/wp-json\/wp\/v2\/product"}],"about":[{"href":"https:\/\/evotek.md\/ro\/wp-json\/wp\/v2\/types\/product"}],"wp:featuredmedia":[{"embeddable":true,"href":"https:\/\/evotek.md\/ro\/wp-json\/wp\/v2\/media\/28401"}],"wp:attachment":[{"href":"https:\/\/evotek.md\/ro\/wp-json\/wp\/v2\/media?parent=28416"}],"curies":[{"name":"wp","href":"https:\/\/api.w.org\/{rel}","templated":true}]}}