{"id":28398,"date":"2022-03-15T09:31:43","date_gmt":"2022-03-15T09:31:43","guid":{"rendered":"https:\/\/evotek.md\/produse\/fara-categorie\/friteuza-electrica-2-x-11-l-m-09365227\/"},"modified":"2023-02-28T15:28:00","modified_gmt":"2023-02-28T15:28:00","slug":"friteuza-electrica-2-x-11-l-m-09365227","status":"publish","type":"product","link":"https:\/\/evotek.md\/ro\/produse\/echipamente-termice\/friteuze-3\/friteuza-electrica-2-x-11-l-m-09365227\/","title":{"rendered":"FRITEUZA ELECTRICA, 11+11 LITRI -M-09365227"},"content":{"rendered":"<p><strong>FRITEUZA ELECTRICA, 11+11 LITRI -M-09365227-<\/strong> Friteuza electric\u0103 2 x 11L este o friteuz\u0103 dubl\u0103 versatil\u0103, potrivit\u0103 pentru utilizarea zilnic\u0103. Friteuza are 2 recipiente de 11 litri fiecare, ceea ce o face ideala pentru utilizarea in bucatariile profesionale. Friteuza de 2 x 11 L este finisat\u0103 frumos, cu col\u021buri rotunjite \u0219i prev\u0103zut\u0103 cu capace pentru a preveni stropirea uleiului. \u00cempreun\u0103 cu designul ergonomic al friteuzei, aceasta asigur\u0103 o munc\u0103 pl\u0103cut\u0103 \u0219i sigur\u0103. Carcasa, cuvele \u0219i co\u0219urile din o\u021bel inoxidabil sunt u\u0219or de cur\u0103\u021bat. Friteuza cu un volum de 22 litri este potrivita pentru prajirea diverselor preparate.<\/p>\n<p>Caracteristici<br \/>\nFriteuza 2 x 11 l<br \/>\nTermostat 50 \u00b0C p\u00e2n\u0103 la 200 \u00b0C<br \/>\nElemente de \u00eenc\u0103lzire individuale<br \/>\nIndicator de temperatur\u0103<br \/>\nM\u00e2ner rezistent la c\u0103ldur\u0103<br \/>\nSt\u0103 pe 4 picioare de cauciuc<br \/>\nConstruc\u021bie foarte durabil\u0103<br \/>\nDesign igienic<br \/>\nGreutate neta: 16,5 kg<br \/>\nMin. capacitate ulei: 2 x 7,2 l<br \/>\nCapacitate maxima de ulei: 2 x 11,3 litri<br \/>\nCapacitate cartofi prajiti: 2 x 1,4 kg<br \/>\nDimensiuni co\u0219: L200 x D260 x H110 mm.<br \/>\nDimensiuni aparat: L570 x D475 x H350 mm<br \/>\nPuterea elementului de \u00eenc\u0103lzire: 3,0 + 3,0 kW<br \/>\nPutere electric\u0103 total\u0103: 6,0 kW<br \/>\nAlimentare: 230 V \/ 50 Hz \/ 1 faza 2 x 3000 W<\/p>\n","protected":false},"excerpt":{"rendered":"<p>Friteuz\u0103 electric\u0103 2 x 11 l. Termostat 50 \u00b0C p\u00e2n\u0103 la 200 \u00b0C; Elemente de \u00eenc\u0103lzire individuale; Indicator de temperatur\u0103; M\u00e2ner rezistent la c\u0103ldur\u0103; St\u0103 pe 4 picioare de cauciuc; Construc\u021bie foarte durabil\u0103; Design igienic; Greutate neta: 16,5 kg; Min. capacitate ulei: 2 x 7,2 l; Capacitate maxima de ulei: 2 x 11,3 litri; Capacitate cartofi prajiti: 2 x 1,4 kg; Dimensiuni co\u0219: L200 x D260 x H110 mm; Dimensiuni aparat: L570 x D475 x H350 mm; Puterea elementului de \u00eenc\u0103lzire: 3,0 + 3,0 kW; Putere electric\u0103 total\u0103: 6,0 kW; Alimentare: 230 V \/ 50 Hz \/ 1 faza 2 x 3000 W.<\/p>\n","protected":false},"featured_media":28385,"template":"","meta":[],"_links":{"self":[{"href":"https:\/\/evotek.md\/ro\/wp-json\/wp\/v2\/product\/28398"}],"collection":[{"href":"https:\/\/evotek.md\/ro\/wp-json\/wp\/v2\/product"}],"about":[{"href":"https:\/\/evotek.md\/ro\/wp-json\/wp\/v2\/types\/product"}],"wp:featuredmedia":[{"embeddable":true,"href":"https:\/\/evotek.md\/ro\/wp-json\/wp\/v2\/media\/28385"}],"wp:attachment":[{"href":"https:\/\/evotek.md\/ro\/wp-json\/wp\/v2\/media?parent=28398"}],"curies":[{"name":"wp","href":"https:\/\/api.w.org\/{rel}","templated":true}]}}