{"id":28380,"date":"2022-03-15T08:54:26","date_gmt":"2022-03-15T08:54:26","guid":{"rendered":"https:\/\/evotek.md\/produse\/fara-categorie\/friteuza-electrica-11-l-m-09365226\/"},"modified":"2023-02-28T15:27:41","modified_gmt":"2023-02-28T15:27:41","slug":"friteuza-electrica-11-l-m-09365226","status":"publish","type":"product","link":"https:\/\/evotek.md\/ro\/produse\/echipamente-termice\/friteuze-3\/friteuza-electrica-11-l-m-09365226\/","title":{"rendered":"FRITEUZA ELECTRICA, 11 LITRI -M-09365226"},"content":{"rendered":"<p><strong>FRITEUZA ELECTRICA, 11 LITRI -M-09365226-<\/strong> este o friteuz\u0103 versatil\u0103 potrivit\u0103 pentru utilizarea zilnic\u0103. Friteuza are un co\u0219 de 11 litri, ceea ce o face ideal\u0103 pentru prepararea gust\u0103rilor \u00een buc\u0103t\u0103riile profesionale. Friteuza de 11 litri este finisat\u0103 frumos, cu col\u021buri rotunjite \u0219i vine cu un capac pentru a preveni stropirea cu ulei. \u00cempreun\u0103 cu designul ergonomic al friteuzei, aceasta asigur\u0103 o munc\u0103 pl\u0103cut\u0103 \u0219i sigur\u0103. Corpul, friteuza \u0219i co\u0219ul din o\u021bel inoxidabil sunt u\u0219or de cur\u0103\u021bat. Friteuza cu un volum de 11 litri este potrivita pentru prajirea diverselor preparate.<\/p>\n<p>Caracteristici<br \/>\nFriteuza 11 l<br \/>\nTermostat 50 \u00b0C p\u00e2n\u0103 la 200 \u00b0C<br \/>\nIndicator de temperatur\u0103<br \/>\nM\u00e2ner rezistent la c\u0103ldur\u0103<br \/>\nSt\u0103 pe 4 picioare de cauciuc<br \/>\nConstruc\u021bie foarte durabil\u0103<br \/>\nDesign igienic<br \/>\nGreutate neta: 8,9 kg<br \/>\nMin. capacitate ulei: 1 x 7,2 L<br \/>\nCapacitate maxim\u0103 de ulei: 1 x 11,3 L<br \/>\nCapacitate cartofi pai: 1,4 kg<br \/>\nDimensiuni co\u0219: L200 x D260 x H110 mm.<br \/>\nDimensiuni aparat: L275 x D475 x H350 mm<br \/>\nPutere electric\u0103 total\u0103: 3,0 kW<br \/>\nPutere: 230V \/ 50Hz \/ 1 faza 3000W<\/p>\n","protected":false},"excerpt":{"rendered":"<p>Friteuza electric\u010311 l. Termostat 50 \u00b0C p\u00e2n\u0103 la 200 \u00b0C; Indicator de temperatur\u0103; M\u00e2ner rezistent la c\u0103ldur\u0103; St\u0103 pe 4 picioare de cauciuc; Construc\u021bie foarte durabil\u0103; Design igienic; Greutate neta: 8,9 kg; Min. capacitate ulei: 1 x 7,2 L; Capacitate maxim\u0103 de ulei: 1 x 11,3 L; Capacitate cartofi pai: 1,4 kg; Dimensiuni co\u0219: L200 x D260 x H110 mm; Dimensiuni aparat: L275 x D475 x H350 mm; Putere electric\u0103 total\u0103: 3,0 kW; Putere: 230V \/ 50Hz \/ 1 faza 3000W.<\/p>\n","protected":false},"featured_media":28367,"template":"","meta":[],"_links":{"self":[{"href":"https:\/\/evotek.md\/ro\/wp-json\/wp\/v2\/product\/28380"}],"collection":[{"href":"https:\/\/evotek.md\/ro\/wp-json\/wp\/v2\/product"}],"about":[{"href":"https:\/\/evotek.md\/ro\/wp-json\/wp\/v2\/types\/product"}],"wp:featuredmedia":[{"embeddable":true,"href":"https:\/\/evotek.md\/ro\/wp-json\/wp\/v2\/media\/28367"}],"wp:attachment":[{"href":"https:\/\/evotek.md\/ro\/wp-json\/wp\/v2\/media?parent=28380"}],"curies":[{"name":"wp","href":"https:\/\/api.w.org\/{rel}","templated":true}]}}