{"id":28339,"date":"2022-03-14T14:55:03","date_gmt":"2022-03-14T14:55:03","guid":{"rendered":"https:\/\/evotek.md\/produse\/fara-categorie\/tija-suport\/"},"modified":"2023-04-13T10:43:48","modified_gmt":"2023-04-13T10:43:48","slug":"tija-suport","status":"publish","type":"product","link":"https:\/\/evotek.md\/ro\/produse\/accesorii-si-inventar-bucatarie\/containere-gn\/tija-suport\/","title":{"rendered":"TIJA SUPORT PENTRU GN 325 mm -M-09367811"},"content":{"rendered":"<p><strong>TIJA SUPORT PENTRU GN 325 mm -M-09367811-<\/strong> Daca folositi mai multe recipiente GN \u00een acela\u0219i timp, ve\u021bi avea nevoie de o bar\u0103 de sprijin Avem disponibile at\u00e2t tije de sprijin lungi c\u00e2t \u0219i \u00eenguste.<\/p>\n<p>Caracteristici<br \/>\nPotrivit pentru bain marie \u0219i alte echipamente.<br \/>\nFabricat din o\u021bel inoxidabil durabil<br \/>\nU\u0219or de cur\u0103\u021bat datorit\u0103 suprafe\u021bei netede<br \/>\nPoate fi sp\u0103lat \u00een ma\u0219ina de sp\u0103lat vase<\/p>\n","protected":false},"excerpt":{"rendered":"<p>Tij\u0103 suport. Potrivit pentru bain marie \u0219i alte echipamente; Fabricat din o\u021bel inoxidabil durabil; U\u0219or de cur\u0103\u021bat datorit\u0103 suprafe\u021bei netede; Poate fi sp\u0103lat \u00een ma\u0219ina de sp\u0103lat vase.<\/p>\n","protected":false},"featured_media":28336,"template":"","meta":[],"_links":{"self":[{"href":"https:\/\/evotek.md\/ro\/wp-json\/wp\/v2\/product\/28339"}],"collection":[{"href":"https:\/\/evotek.md\/ro\/wp-json\/wp\/v2\/product"}],"about":[{"href":"https:\/\/evotek.md\/ro\/wp-json\/wp\/v2\/types\/product"}],"wp:featuredmedia":[{"embeddable":true,"href":"https:\/\/evotek.md\/ro\/wp-json\/wp\/v2\/media\/28336"}],"wp:attachment":[{"href":"https:\/\/evotek.md\/ro\/wp-json\/wp\/v2\/media?parent=28339"}],"curies":[{"name":"wp","href":"https:\/\/api.w.org\/{rel}","templated":true}]}}