{"id":28308,"date":"2022-03-14T13:23:48","date_gmt":"2022-03-14T13:23:48","guid":{"rendered":"https:\/\/evotek.md\/produse\/fara-categorie\/gn-1-3-m-09367773\/"},"modified":"2022-09-26T12:12:36","modified_gmt":"2022-09-26T12:12:36","slug":"gn-1-3-m-09367773","status":"publish","type":"product","link":"https:\/\/evotek.md\/ro\/produse\/accesorii-si-inventar-bucatarie\/containere-gn\/gn-1-3-m-09367773\/","title":{"rendered":"CAPAC PENTRU CONTAINER INOX CU DECUPAJ PENTRU LINGURA GN 1\/4 M-09367773"},"content":{"rendered":"<p><strong>CAPAC PENTRU CONTAINER INOX CU DECUPAJ PENTRU LINGURA GN 1\/4 M-09367773-<\/strong> Capac GN de \u200b\u200bcalitate superioar\u0103 cu gaur\u0103 pentru m\u00e2ner \u0219i decupaj pentru linguri de servire. Poate fi sp\u0103lat \u00een ma\u0219ina de sp\u0103lat vase.<\/p>\n<p>Caracteristici<\/p>\n<p>Potrivit pentru cuptoare, frigidere \u0219i bain marie<br \/>\nU\u0219or de cur\u0103\u021bat datorit\u0103 suprafe\u021bei netede<br \/>\nMargini rulate \u0219i col\u021buri rotunjite pentru o durabilitate sporit\u0103<br \/>\nU\u0219or \u0219i sigur de utilizat datorit\u0103 col\u021burilor \u0219i marginilor prelucrate<br \/>\nRespect\u0103 cerin\u021bele europene de siguran\u021b\u0103 alimentar\u0103<br \/>\nO\u021bel inoxidabil de 0,6 mm de \u00eenalt\u0103 calitate, potrivit pentru uz profesional.<br \/>\nDimensiunea gastronorm este gravata pe produs<br \/>\nRezist\u0103 la temperaturi de la -40\u00b0C p\u00e2n\u0103 la 300\u00b0C<br \/>\nAcest produs poate fi sp\u0103lat vase<br \/>\nDimensiune gastronorm: 1\/4 GN<br \/>\nDimensiuni: 265 x 162 mm<br \/>\nCu decupaj pentru linguri de servire<\/p>\n","protected":false},"excerpt":{"rendered":"<p>Capac pentru tave gastronomice GN 1\/4. Potrivit pentru cuptoare, frigidere \u0219i bain marie; U\u0219or de cur\u0103\u021bat datorit\u0103 suprafe\u021bei netede; Margini rulate \u0219i col\u021buri rotunjite pentru o durabilitate sporit\u0103; U\u0219or \u0219i sigur de utilizat datorit\u0103 col\u021burilor \u0219i marginilor prelucrate; Respect\u0103 cerin\u021bele europene de siguran\u021b\u0103 alimentar\u0103; O\u021bel inoxidabil de 0,6 mm de \u00eenalt\u0103 calitate, potrivit pentru uz profesional; Dimensiunea gastronorm este gravata pe produs; Rezist\u0103 la temperaturi de la -40\u00b0C p\u00e2n\u0103 la 300\u00b0C; Acest produs poate fi sp\u0103lat vase; Dimensiune gastronorm: 1\/4 GN; Dimensiuni: 265 x 162 mm; Cu decupaj pentru linguri de servire.<\/p>\n","protected":false},"featured_media":28305,"template":"","meta":[],"_links":{"self":[{"href":"https:\/\/evotek.md\/ro\/wp-json\/wp\/v2\/product\/28308"}],"collection":[{"href":"https:\/\/evotek.md\/ro\/wp-json\/wp\/v2\/product"}],"about":[{"href":"https:\/\/evotek.md\/ro\/wp-json\/wp\/v2\/types\/product"}],"wp:featuredmedia":[{"embeddable":true,"href":"https:\/\/evotek.md\/ro\/wp-json\/wp\/v2\/media\/28305"}],"wp:attachment":[{"href":"https:\/\/evotek.md\/ro\/wp-json\/wp\/v2\/media?parent=28308"}],"curies":[{"name":"wp","href":"https:\/\/api.w.org\/{rel}","templated":true}]}}