{"id":28300,"date":"2022-03-14T09:23:54","date_gmt":"2022-03-14T09:23:54","guid":{"rendered":"https:\/\/evotek.md\/produse\/fara-categorie\/ambalator-vacuum-fara-camera-hkn-v335\/"},"modified":"2023-04-20T06:40:54","modified_gmt":"2023-04-20T06:40:54","slug":"ambalator-vacuum-fara-camera-hkn-v335","status":"publish","type":"product","link":"https:\/\/evotek.md\/ro\/produse\/echipament-de-ambalare-vacuum\/ambalator-vacuum-fara-camera-hkn-v335\/","title":{"rendered":"AMBALATOR VACUUM (PUNGI RIFLATE) 300 mm -HKN-V335"},"content":{"rendered":"<p><strong>AMBALATOR VACUUM (PUNGI RIFLATE) 300 mm -HKN-V335-<\/strong> este utilizat \u00een industriile alimentare mici \u0219i mijlocii dar \u0219i \u00een institu\u021biile nealimentare. Domeniu de utilizare: Ambalarea \u00een vid a alimentelor, lichidelor \u0219i bucatelor preparate \u00een pungi vidate.<\/p>\n<p>Caracteristici<\/p>\n<p>Dimensiuni totale LxLxA: 420x220x90 mm<br \/>\nLungimea barei sudate: 300 mm<br \/>\nF\u0103r\u0103 camer\u0103<br \/>\nInstalare: de mas\u0103<br \/>\nGreutate: 2 kg<br \/>\nTensiune de alimentare: 220 V<br \/>\nConexiune electric\u0103<br \/>\nPutere: 0,1 kW<br \/>\nPresiune generat\u0103: -80 kPa<br \/>\nL\u0103\u021bime maxim\u0103 de sudur\u0103: 300 mm<\/p>\n","protected":false},"excerpt":{"rendered":"<p>Ambalator vacuum f\u0103r\u0103 camer\u0103. Dimensiuni totale LxLxA: 420x220x90 mm; Lungimea barei sudate: 300 mm; F\u0103r\u0103 camer\u0103; Instalare: de mas\u0103; Greutate: 2 kg; Tensiune de alimentare: 220 V; Conexiune electric\u0103; Putere: 0,1 kW; Presiune generat\u0103: -80 kPa; L\u0103\u021bime maxim\u0103 de sudur\u0103: 300 mm.<\/p>\n","protected":false},"featured_media":28299,"template":"","meta":[],"_links":{"self":[{"href":"https:\/\/evotek.md\/ro\/wp-json\/wp\/v2\/product\/28300"}],"collection":[{"href":"https:\/\/evotek.md\/ro\/wp-json\/wp\/v2\/product"}],"about":[{"href":"https:\/\/evotek.md\/ro\/wp-json\/wp\/v2\/types\/product"}],"wp:featuredmedia":[{"embeddable":true,"href":"https:\/\/evotek.md\/ro\/wp-json\/wp\/v2\/media\/28299"}],"wp:attachment":[{"href":"https:\/\/evotek.md\/ro\/wp-json\/wp\/v2\/media?parent=28300"}],"curies":[{"name":"wp","href":"https:\/\/api.w.org\/{rel}","templated":true}]}}