{"id":28292,"date":"2022-03-10T13:58:48","date_gmt":"2022-03-10T13:58:48","guid":{"rendered":"https:\/\/evotek.md\/produse\/fara-categorie\/%d0%ba%d1%80%d1%8b%d1%88%d0%ba%d0%b0-%d0%b4%d0%bb%d1%8f-%d0%b3%d0%b0%d1%81%d1%82%d1%80%d0%be%d1%91%d0%bc%d0%ba%d0%be%d1%81%d1%82%d0%b8-gn-1-3-m-09367792\/"},"modified":"2022-09-23T14:12:55","modified_gmt":"2022-09-23T14:12:55","slug":"%d0%ba%d1%80%d1%8b%d1%88%d0%ba%d0%b0-%d0%b4%d0%bb%d1%8f-%d0%b3%d0%b0%d1%81%d1%82%d1%80%d0%be%d1%91%d0%bc%d0%ba%d0%be%d1%81%d1%82%d0%b8-gn-1-3-m-09367792","status":"publish","type":"product","link":"https:\/\/evotek.md\/ro\/produse\/accesorii-si-inventar-bucatarie\/containere-gn\/capace-pentru-tave-gn\/capace-sigilate-cu-silicon\/%d0%ba%d1%80%d1%8b%d1%88%d0%ba%d0%b0-%d0%b4%d0%bb%d1%8f-%d0%b3%d0%b0%d1%81%d1%82%d1%80%d0%be%d1%91%d0%bc%d0%ba%d0%be%d1%81%d1%82%d0%b8-gn-1-3-m-09367792\/","title":{"rendered":"CAPAC PENTRU CONTAINER INOX CU SIGILIU ERMETIC GN 1\/3 M-09367792"},"content":{"rendered":"<p><strong>CAPAC PENTRU CONTAINER INOX CU SIGILIU ERMETIC GN 1\/3 M-09367792- <\/strong>Capac GN de \u200b\u200bcalitate superioar\u0103 cu acoperire din cauciuc \u0219i ad\u00e2ncitur\u0103 pentru m\u00e2ner. Poate fi sp\u0103lat \u00een ma\u0219ina de sp\u0103lat vase.<\/p>\n<p>Caracteristici<br \/>\nPotrivit pentru cuptoare cu abur \u0219i frigidere<br \/>\nU\u0219or de cur\u0103\u021bat datorit\u0103 suprafe\u021bei netede<br \/>\nMargini rulate \u0219i col\u021buri rotunjite pentru o durabilitate sporit\u0103<br \/>\nU\u0219or \u0219i sigur de utilizat datorit\u0103 col\u021burilor \u0219i marginilor prelucrate<br \/>\nRespect\u0103 cerin\u021bele europene de siguran\u021b\u0103 alimentar\u0103<br \/>\nO\u021bel inoxidabil de 0,6 mm de \u00eenalt\u0103 calitate, potrivit pentru uz profesional.<br \/>\nDimensiunea gastronorm este gravata pe produs<br \/>\nRezist\u0103 la temperaturi de la -40\u00b0C p\u00e2n\u0103 la 300\u00b0C<br \/>\nDimensiune gastronorm: 1\/3 GN<br \/>\nDimensiuni: 325 x 176 mm<br \/>\nCu margine de silicon pentru a etan\u0219a aerul \u0219i umezeala<br \/>\nDatorit\u0103 \u00eenchiderii ermetice, alimentele r\u0103m\u00e2n proaspete mai mult timp.<br \/>\nSigiliul este, de asemenea, impermeabil, astfel \u00eenc\u00e2t nu se va scurge \u00een timpul transportului.<\/p>\n","protected":false},"excerpt":{"rendered":"<p>Capac pentru tave gastronomice cu sigiliu ermetic GN 1\/3. Potrivit pentru cuptoare cu abur \u0219i frigidere;<br \/>\nU\u0219or de cur\u0103\u021bat datorit\u0103 suprafe\u021bei netede; Margini rulate \u0219i col\u021buri rotunjite pentru o durabilitate sporit\u0103; U\u0219or \u0219i sigur de utilizat datorit\u0103 col\u021burilor \u0219i marginilor prelucrate; Respect\u0103 cerin\u021bele europene de siguran\u021b\u0103 alimentar\u0103; O\u021bel inoxidabil de 0,6 mm de \u00eenalt\u0103 calitate, potrivit pentru uz profesional; Dimensiunea gastronorm este gravata pe produs; Rezist\u0103 la temperaturi de la -40\u00b0C p\u00e2n\u0103 la 300\u00b0C; Dimensiune gastronorm: 1\/3 GN; Dimensiuni: 325 x 176 mm; Cu margine de silicon pentru a etan\u0219a aerul \u0219i umezeala; Datorit\u0103 \u00eenchiderii ermetice, alimentele r\u0103m\u00e2n proaspete mai mult timp; Sigiliul este, de asemenea, impermeabil, astfel \u00eenc\u00e2t nu se va scurge \u00een timpul transportului.<\/p>\n","protected":false},"featured_media":28288,"template":"","meta":[],"_links":{"self":[{"href":"https:\/\/evotek.md\/ro\/wp-json\/wp\/v2\/product\/28292"}],"collection":[{"href":"https:\/\/evotek.md\/ro\/wp-json\/wp\/v2\/product"}],"about":[{"href":"https:\/\/evotek.md\/ro\/wp-json\/wp\/v2\/types\/product"}],"wp:featuredmedia":[{"embeddable":true,"href":"https:\/\/evotek.md\/ro\/wp-json\/wp\/v2\/media\/28288"}],"wp:attachment":[{"href":"https:\/\/evotek.md\/ro\/wp-json\/wp\/v2\/media?parent=28292"}],"curies":[{"name":"wp","href":"https:\/\/api.w.org\/{rel}","templated":true}]}}