{"id":28255,"date":"2022-03-09T09:47:49","date_gmt":"2022-03-09T09:47:49","guid":{"rendered":"https:\/\/evotek.md\/produse\/fara-categorie\/capac-pentru-tave-gastronomice-gn-1-2-m-09367771\/"},"modified":"2022-09-23T13:56:53","modified_gmt":"2022-09-23T13:56:53","slug":"capac-pentru-tave-gastronomice-gn-1-2-m-09367771","status":"publish","type":"product","link":"https:\/\/evotek.md\/ro\/produse\/accesorii-si-inventar-bucatarie\/containere-gn\/capac-pentru-tave-gastronomice-gn-1-2-m-09367771\/","title":{"rendered":"CAPAC PENTRU CONTAINER INOX CU DECUPAJ PENTRU LINGURA GN 1\/2 M-09367771"},"content":{"rendered":"<p><strong>CAPAC PENTRU CONTAINER INOX CU DECUPAJ PENTRU LINGURA GN 1\/2 M-09367771-<\/strong> Capac GN de \u200b\u200bcalitate superioar\u0103 cu ad\u00e2ncitur\u0103 pentru m\u00e2ner. Poate fi spalat \u00een masina de spalat vase.<\/p>\n<p>Caracteristici<br \/>\nPotrivit pentru cuptoare cu abur \u0219i frigidere<br \/>\nU\u0219or de cur\u0103\u021bat datorit\u0103 suprafe\u021bei netede<br \/>\nMargini rulate \u0219i col\u021buri rotunjite pentru o durabilitate sporit\u0103<br \/>\nU\u0219or \u0219i sigur de utilizat datorit\u0103 col\u021burilor \u0219i marginilor prelucrate<br \/>\nRespect\u0103 cerin\u021bele europene de siguran\u021b\u0103 alimentar\u0103<br \/>\nO\u021bel inoxidabil de 0,6 mm de \u00eenalt\u0103 calitate, potrivit pentru uz profesional.<br \/>\nRezist\u0103 la temperaturi de la -40\u00b0C p\u00e2n\u0103 la 300\u00b0C<br \/>\nDimensiune gastronorm: 1\/2 GN<br \/>\nDimensiuni: 325 x 265 mm<br \/>\nCu decupaj convenabil pentru linguri de servire<\/p>\n","protected":false},"excerpt":{"rendered":"<p>Capac pentru tave gastronomice 1\/2 cu ad\u00e2ncitur\u0103 pentru m\u00e2ner. Potrivit pentru cuptoare cu abur \u0219i frigidere; U\u0219or de cur\u0103\u021bat datorit\u0103 suprafe\u021bei netede; Margini rulate \u0219i col\u021buri rotunjite pentru o durabilitate sporit\u0103; U\u0219or \u0219i sigur de utilizat datorit\u0103 col\u021burilor \u0219i marginilor prelucrate; Respect\u0103 cerin\u021bele europene de siguran\u021b\u0103 alimentar\u0103; O\u021bel inoxidabil de 0,6 mm de \u00eenalt\u0103 calitate, potrivit pentru uz profesional; Rezist\u0103 la temperaturi de la -40\u00b0C p\u00e2n\u0103 la 300\u00b0C; Dimensiune gastronorm: 1\/2 GN; Dimensiuni: 325 x 265 mm; Cu decupaj convenabil pentru linguri de servire.<\/p>\n","protected":false},"featured_media":28765,"template":"","meta":[],"_links":{"self":[{"href":"https:\/\/evotek.md\/ro\/wp-json\/wp\/v2\/product\/28255"}],"collection":[{"href":"https:\/\/evotek.md\/ro\/wp-json\/wp\/v2\/product"}],"about":[{"href":"https:\/\/evotek.md\/ro\/wp-json\/wp\/v2\/types\/product"}],"wp:featuredmedia":[{"embeddable":true,"href":"https:\/\/evotek.md\/ro\/wp-json\/wp\/v2\/media\/28765"}],"wp:attachment":[{"href":"https:\/\/evotek.md\/ro\/wp-json\/wp\/v2\/media?parent=28255"}],"curies":[{"name":"wp","href":"https:\/\/api.w.org\/{rel}","templated":true}]}}