{"id":28223,"date":"2022-03-07T15:19:54","date_gmt":"2022-03-07T15:19:54","guid":{"rendered":"https:\/\/evotek.md\/produse\/fara-categorie\/aparat-electric-pentru-clatite-m-09374070\/"},"modified":"2022-03-07T15:33:18","modified_gmt":"2022-03-07T15:33:18","slug":"aparat-electric-pentru-clatite-m-09374070","status":"publish","type":"product","link":"https:\/\/evotek.md\/ro\/produse\/echipamente-pentru-fast-food\/crepiere\/aparat-electric-pentru-clatite-m-09374070\/","title":{"rendered":"APARAT ELECTRIC PENTRU CL\u0102TITE M-09374070"},"content":{"rendered":"<p><strong>APARAT ELECTRIC PENTRU CL\u0102TITE M-09374070-<\/strong> Dispozitiv puternic unde pute\u021bi coace rapid clatite delicioase. Tava pentru cl\u0103tite este rezistent\u0103 \u0219i u\u0219or de utilizat. Echipat o cutie de depozitare sub tava de cl\u0103tite, folosit\u0103 pentru a p\u0103stra cl\u0103titele. Tava este din font\u0103 cu un strat antiaderent. Carcasa din o\u021bel inoxidabil este u\u0219or de cur\u0103\u021bat.<\/p>\n<p>Caracteristici<br \/>\nDispozitiv puternic cu transfer optim de c\u0103ldur\u0103 pentru cl\u0103tite rapide<br \/>\nCu sertar pentru cl\u0103tite din o\u021bel inoxidabil<br \/>\nSpatula din lemn de \u00eentins aluatul este inclus\u0103<br \/>\nSuprafa\u021ba rotund\u0103 din font\u0103 cu acoperire antiaderenta<br \/>\nTermostat variabil de la 0\u00b0C la 300\u00b0C cu indicator luminos de temperatur\u0103<br \/>\nStabil pe 4 picioare de cauciuc, anti-alunecare<br \/>\nGreutate neta: 15 kg<br \/>\nDimensiunile suprafe\u021bei de lucru: \u00d8 400 mm<br \/>\nDimensiuni aparat: H450 x L485 x D240 mm<br \/>\nPutere electric\u0103 total\u0103: 3,0 kW<br \/>\nPutere: 230V \/ 50Hz \/ 1 faza 3000W<\/p>\n","protected":false},"excerpt":{"rendered":"<p>Aparat dublu electric pentru cl\u0103tite. Dispozitiv puternic cu transfer optim de c\u0103ldur\u0103 pentru cl\u0103tite rapide; Cu sertar pentru cl\u0103tite din o\u021bel inoxidabil; Spatula din lemn de \u00eentins aluatul este inclus\u0103; Suprafa\u021ba rotund\u0103 din font\u0103 cu acoperire antiaderenta; Termostat variabil de la 0\u00b0C la 300\u00b0C cu indicator luminos de temperatur\u0103; Stabil pe 4 picioare de cauciuc, anti-alunecare; Greutate neta: 15 kg; Dimensiunile suprafe\u021bei de lucru: \u00d8 400 mm; Dimensiuni aparat: H450 x L485 x D240 mm; Putere electric\u0103 total\u0103: 3,0 kW; Putere: 230V \/ 50Hz \/ 1 faza 3000W.<\/p>\n","protected":false},"featured_media":28208,"template":"","meta":[],"_links":{"self":[{"href":"https:\/\/evotek.md\/ro\/wp-json\/wp\/v2\/product\/28223"}],"collection":[{"href":"https:\/\/evotek.md\/ro\/wp-json\/wp\/v2\/product"}],"about":[{"href":"https:\/\/evotek.md\/ro\/wp-json\/wp\/v2\/types\/product"}],"wp:featuredmedia":[{"embeddable":true,"href":"https:\/\/evotek.md\/ro\/wp-json\/wp\/v2\/media\/28208"}],"wp:attachment":[{"href":"https:\/\/evotek.md\/ro\/wp-json\/wp\/v2\/media?parent=28223"}],"curies":[{"name":"wp","href":"https:\/\/api.w.org\/{rel}","templated":true}]}}