{"id":28203,"date":"2022-03-07T14:56:26","date_gmt":"2022-03-07T14:56:26","guid":{"rendered":"https:\/\/evotek.md\/produse\/fara-categorie\/aparat-pentru-clatite-m-09374071\/"},"modified":"2022-03-07T15:42:51","modified_gmt":"2022-03-07T15:42:51","slug":"aparat-pentru-clatite-m-09374071","status":"publish","type":"product","link":"https:\/\/evotek.md\/ro\/produse\/echipamente-pentru-fast-food\/crepiere\/aparat-pentru-clatite-m-09374071\/","title":{"rendered":"APARAT PENTRU CL\u0102TITE M-09374071"},"content":{"rendered":"<p><strong>APARAT PENTRU CL\u0102TITE M-09374071-<\/strong> Un dispozitiv puternic care poate coace rapid 2 clatite odata. Tava pentru cl\u0103tite este rezistent\u0103 \u0219i u\u0219or de utilizat. Sub tava de cl\u0103tite este un sertar pentru depozitarea cl\u0103titelor. Tava este din font\u0103 cu un strat antiaderent. Corpul din o\u021bel inoxidabil este u\u0219or de cur\u0103\u021bat.<\/p>\n<p>Caracteristici<br \/>\nDispozitiv puternic cu transfer optim de c\u0103ldur\u0103 pentru cl\u0103tite rapide<br \/>\nCu sertar pentru cl\u0103tite din o\u021bel inoxidabil<br \/>\n2x spatule din lemn pentru \u00eentins aluat\u00a0 incluse<br \/>\nSuprafa\u021b\u0103 rotunda din font\u0103 cu acoperire antiaderent\u0103<br \/>\nTermostat variabil de la 0\u00b0C la 300\u00b0C per tigaie cu indicator luminos de temperatur\u0103<br \/>\nStabil pe 4 picioare de cauciuc, anti-alunecare<br \/>\nGreutate neta: 33 kg<br \/>\nDimensiunile unei suprafe\u021be de lucru: \u00d8 400 mm<br \/>\nDimensiunile aparatului: H860 x L500 x D250 mm<br \/>\nPutere electric\u0103 total\u0103: 6,0 kW<br \/>\nAlimentare: 230 V \/ 50 Hz \/ 1 faza 2 x 3000 W<\/p>\n","protected":false},"excerpt":{"rendered":"<p>Aparat pentru cl\u0103tite. Dispozitiv puternic cu transfer optim de c\u0103ldur\u0103 pentru cl\u0103tite rapide; Cu sertar pentru cl\u0103tite din o\u021bel inoxidabil; 2x spatule din lemn pentru \u00eentins aluat\u00a0 incluse; Suprafa\u021b\u0103 rotunda din font\u0103 cu acoperire antiaderent\u0103; Termostat variabil de la 0\u00b0C la 300\u00b0C per tigaie cu indicator luminos de temperatur\u0103; Stabil pe 4 picioare de cauciuc, anti-alunecare; Greutate neta: 33 kg; Dimensiunile unei suprafe\u021be de lucru: \u00d8 400 mm; Dimensiunile aparatului: H860 x L500 x D250 mm; Putere electric\u0103 total\u0103: 6,0 kW; Alimentare: 230 V \/ 50 Hz \/ 1 faza 2 x 3000 W.<\/p>\n","protected":false},"featured_media":28189,"template":"","meta":[],"_links":{"self":[{"href":"https:\/\/evotek.md\/ro\/wp-json\/wp\/v2\/product\/28203"}],"collection":[{"href":"https:\/\/evotek.md\/ro\/wp-json\/wp\/v2\/product"}],"about":[{"href":"https:\/\/evotek.md\/ro\/wp-json\/wp\/v2\/types\/product"}],"wp:featuredmedia":[{"embeddable":true,"href":"https:\/\/evotek.md\/ro\/wp-json\/wp\/v2\/media\/28189"}],"wp:attachment":[{"href":"https:\/\/evotek.md\/ro\/wp-json\/wp\/v2\/media?parent=28203"}],"curies":[{"name":"wp","href":"https:\/\/api.w.org\/{rel}","templated":true}]}}