{"id":28183,"date":"2022-03-07T14:41:23","date_gmt":"2022-03-07T14:41:23","guid":{"rendered":"https:\/\/evotek.md\/produse\/fara-categorie\/dozator-pentru-aluat-din-inox-13-l-m-09374160\/"},"modified":"2023-03-03T10:33:52","modified_gmt":"2023-03-03T10:33:52","slug":"dozator-pentru-aluat-din-inox-13-l-m-09374160","status":"publish","type":"product","link":"https:\/\/evotek.md\/ro\/produse\/echipamente-pentru-fast-food\/crepiere\/dozator-pentru-aluat-din-inox-13-l-m-09374160\/","title":{"rendered":"DOZATOR PENTRU ALUAT DIN INOX, 1.3 LITRI -M-09374160"},"content":{"rendered":"<p><strong>DOZATOR PENTRU ALUAT DIN INOX, 1.3 LITRI -M-09374160-<\/strong> Cu dozatorul de aluat din otel inoxidabil, puteti turna cu usurinta aluatul in diverse forme de copt. Dozatorul de aluat are un buton de dozare cu ajutorul c\u0103ruia pute\u021bi determina c\u00e2t de mult aluat vrei s\u0103 folose\u0219ti. Acesta dozator este convenabil \u0219i igienic. De asemenea, ve\u021bi preveni murd\u0103ria l\u00e2ng\u0103 tigaie. Deoarece distribuitorul de aluat este fabricat din o\u021bel inoxidabil, \u0219i <span style=\"font-size: 14.4px\">este<\/span><span style=\"font-size: 14.4px\">\u00a0u\u0219or de cur\u0103\u021bat.<\/span><\/p>\n<p>Caracteristici<br \/>\nPrevazut cu maner de dozare<br \/>\nSuport de turnat aluat inclus<br \/>\nConstruc\u021bie foarte durabil\u0103<br \/>\nDesign igienic<br \/>\nGreutate neta: 2 kg<br \/>\nDimensiuni bec: 8 mm<br \/>\nCantitate de aluat: 1,3 litri.<br \/>\nDimensiuni aparat: L200 x D150 x H210 mm<\/p>\n","protected":false},"excerpt":{"rendered":"<p>Dozator pentru aluat 1,3 litri. Prevazut cu maner de dozare; Suport de turnat aluat inclus; Construc\u021bie foarte durabil\u0103; Design igienic; Greutate neta: 2 kg; Dimensiuni bec: 8 mm; Cantitate de aluat: 1,3 litri; Dimensiuni aparat: L200 x D150 x H210 mm.<\/p>\n","protected":false},"featured_media":28172,"template":"","meta":[],"_links":{"self":[{"href":"https:\/\/evotek.md\/ro\/wp-json\/wp\/v2\/product\/28183"}],"collection":[{"href":"https:\/\/evotek.md\/ro\/wp-json\/wp\/v2\/product"}],"about":[{"href":"https:\/\/evotek.md\/ro\/wp-json\/wp\/v2\/types\/product"}],"wp:featuredmedia":[{"embeddable":true,"href":"https:\/\/evotek.md\/ro\/wp-json\/wp\/v2\/media\/28172"}],"wp:attachment":[{"href":"https:\/\/evotek.md\/ro\/wp-json\/wp\/v2\/media?parent=28183"}],"curies":[{"name":"wp","href":"https:\/\/api.w.org\/{rel}","templated":true}]}}