{"id":28120,"date":"2022-03-07T13:00:08","date_gmt":"2022-03-07T13:00:08","guid":{"rendered":"https:\/\/evotek.md\/produse\/fara-categorie\/sandwich-panini-grill-m-09374170\/"},"modified":"2023-03-02T12:45:48","modified_gmt":"2023-03-02T12:45:48","slug":"sandwich-panini-grill-m-09374170","status":"publish","type":"product","link":"https:\/\/evotek.md\/ro\/produse\/echipamente-termice\/grill-contact-panini-sandwich-2\/sandwich-panini-grill-m-09374170\/","title":{"rendered":"GRILL CONTACT ELECTRIC, CU 2 FORME PATRATE -M-09374170"},"content":{"rendered":"<p><strong>GRILL CONTACT ELECTRIC, CU 2 FORME PATRATE -M-09374170-<\/strong> Cu aparatul electric de sandwich puteti coace rapid \u0219i u\u0219or 2 sandwich-uri delicioase. Aparatul de sandwich este de \u00eenalt\u0103 calitate \u0219i, datorit\u0103 dimensiunilor sale compacte, este ideal \u0219i pentru snack-baruri \u0219i restaurante. Grill-ul Sandwich\/Panini are o tav\u0103 din font\u0103 cu un strat antiaderent care asigur\u0103 o bun\u0103 conducere a c\u0103ldurii. Exteriorul aparatului de sandvici este realizat din o\u021bel inoxidabil, astfel este durabil \u0219i u\u0219or de cur\u0103\u021bat.<\/p>\n<p>Caracteristici<br \/>\nFiabil \u0219i u\u0219or de operat<br \/>\nFace\u021bi rapid 2 sandwich-uri<br \/>\nTav\u0103 de copt din font\u0103 cu \u00eenveli\u0219 antiaderent<br \/>\nTermostat variabil de la 50 \u00b0C la 300 \u00b0C<br \/>\nEchipat cu un cronometru<br \/>\nIndicator de temperatur\u0103<br \/>\nM\u00e2ner durabil<br \/>\nPrevazut cu tava de picurare<br \/>\nSt\u0103 pe 4 picioare din o\u021bel inoxidabil<br \/>\nConstruc\u021bie foarte durabil\u0103<br \/>\nDesign igienic<br \/>\nGreutate neta: 10 kg<br \/>\nDimensiuni sandwich: L120 x D140 x H20 mm.<br \/>\nDimensiuni aparat: L380 x D310 x H270 mm<br \/>\nPutere electric\u0103 total\u0103: 1,75 kW<br \/>\n230 V \/ 50 Hz \/ 1 faza 1750 W<\/p>\n","protected":false},"excerpt":{"rendered":"<p>Fiabil \u0219i u\u0219or de operat; Face\u021bi rapid 2 sandwich-uri; Tav\u0103 de copt din font\u0103 cu \u00eenveli\u0219 antiaderent; Termostat variabil de la 50 \u00b0C la 300 \u00b0C; Echipat cu un cronometru; Indicator de temperatur\u0103; M\u00e2ner durabil; Prevazut cu tava de picurare; St\u0103 pe 4 picioare din o\u021bel inoxidabil; Construc\u021bie foarte durabil\u0103; Design igienic; Greutate neta: 10 kg; Dimensiuni sandwich: L120 x D140 x H20 mm; Dimensiuni aparat: L380 x D310 x H270 mm; Putere electric\u0103 total\u0103: 1,75 kW; 230 V \/ 50 Hz \/ 1 faza 1750 W.<\/p>\n","protected":false},"featured_media":28107,"template":"","meta":[],"_links":{"self":[{"href":"https:\/\/evotek.md\/ro\/wp-json\/wp\/v2\/product\/28120"}],"collection":[{"href":"https:\/\/evotek.md\/ro\/wp-json\/wp\/v2\/product"}],"about":[{"href":"https:\/\/evotek.md\/ro\/wp-json\/wp\/v2\/types\/product"}],"wp:featuredmedia":[{"embeddable":true,"href":"https:\/\/evotek.md\/ro\/wp-json\/wp\/v2\/media\/28107"}],"wp:attachment":[{"href":"https:\/\/evotek.md\/ro\/wp-json\/wp\/v2\/media?parent=28120"}],"curies":[{"name":"wp","href":"https:\/\/api.w.org\/{rel}","templated":true}]}}