{"id":28101,"date":"2022-03-07T12:35:27","date_gmt":"2022-03-07T12:35:27","guid":{"rendered":"https:\/\/evotek.md\/produse\/fara-categorie\/friteuza-electrica-4-l-m-09365211\/"},"modified":"2023-03-01T10:21:31","modified_gmt":"2023-03-01T10:21:31","slug":"friteuza-electrica-4-l-m-09365211","status":"publish","type":"product","link":"https:\/\/evotek.md\/ro\/produse\/echipamente-termice\/friteuze-3\/friteuza-electrica-4-l-m-09365211\/","title":{"rendered":"FRITEUZA ELECTRICA, 4 LITRI -M-09365211"},"content":{"rendered":"<p><strong>FRITEUZA ELECTRICA, 4 LITRI -M-09365211-<\/strong> este o friteuz\u0103 versatil\u0103 potrivit\u0103 pentru utilizarea zilnic\u0103. Friteuza are un co\u0219 de 4 litri, ceea ce o face ideal\u0103 pentru prepararea profesional\u0103 a bucatelor. Friteuza de 4 litri este conceput\u0103 cu col\u021buri rotunjite \u0219i vine cu un capac pentru a preveni stropirea uleiului. \u00cempreun\u0103 cu designul ergonomic al friteuzei asigur\u0103 o munc\u0103 pl\u0103cut\u0103 \u0219i sigur\u0103. Carcasa, cuva \u0219i co\u0219ul din o\u021bel inoxidabil sunt u\u0219or de cur\u0103\u021bat. Friteuza de 4 litri este potrivita pentru pr\u0103jirea diverselor tipuri de bucate.<\/p>\n<p>Caracteristici<br \/>\nTermostat 50 \u00b0C p\u00e2n\u0103 la 200 \u00b0C<br \/>\nIndicator de temperatur\u0103<br \/>\nM\u00e2ner rezistent la c\u0103ldur\u0103<br \/>\nSt\u0103 pe 4 picioare de cauciuc<br \/>\nConstruc\u021bie foarte durabil\u0103<br \/>\nDesign igienic<br \/>\nGreutate neta: 5,5 kg<br \/>\nMin. Capacitate ulei: 1 x 4,2 L<br \/>\nMaxim. Capacitate ulei: 1 x 4.9L<br \/>\nCapacitate de cartofi pai: 0,8 kg<br \/>\nDimensiunile co\u0219ului: L135 x D200 x H115 mm<br \/>\nDimensiuni aparat: L220 x D385 x H315 mm<br \/>\nPutere electric\u0103 total\u0103: 2,5 kW<br \/>\nPutere: 230V \/ 50Hz \/ 1 faza 2500W<\/p>\n","protected":false},"excerpt":{"rendered":"<p>Friteuz\u0103 electric\u0103 4 litri. Termostat 50 \u00b0C p\u00e2n\u0103 la 200 \u00b0C; Indicator de temperatur\u0103; M\u00e2ner rezistent la c\u0103ldur\u0103; St\u0103 pe 4 picioare de cauciuc; Construc\u021bie foarte durabil\u0103; Design igienic<br \/>\nGreutate neta: 5,5 kg; Min. Capacitate ulei: 1 x 4,2 L; Maxim. Capacitate ulei: 1 x 4.9L; Capacitate de cartofi pai: 0,8 kg; Dimensiunile co\u0219ului: L135 x D200 x H115 mm; Dimensiuni aparat: L220 x D385 x H315 mm; Putere electric\u0103 total\u0103: 2,5 kW; Putere: 230V \/ 50Hz \/ 1 faza 2500W.<\/p>\n","protected":false},"featured_media":28084,"template":"","meta":[],"_links":{"self":[{"href":"https:\/\/evotek.md\/ro\/wp-json\/wp\/v2\/product\/28101"}],"collection":[{"href":"https:\/\/evotek.md\/ro\/wp-json\/wp\/v2\/product"}],"about":[{"href":"https:\/\/evotek.md\/ro\/wp-json\/wp\/v2\/types\/product"}],"wp:featuredmedia":[{"embeddable":true,"href":"https:\/\/evotek.md\/ro\/wp-json\/wp\/v2\/media\/28084"}],"wp:attachment":[{"href":"https:\/\/evotek.md\/ro\/wp-json\/wp\/v2\/media?parent=28101"}],"curies":[{"name":"wp","href":"https:\/\/api.w.org\/{rel}","templated":true}]}}