{"id":28078,"date":"2022-03-07T12:11:16","date_gmt":"2022-03-07T12:11:16","guid":{"rendered":"https:\/\/evotek.md\/produse\/fara-categorie\/friteuza-electrica-2-x-4-l-m-09365212\/"},"modified":"2023-03-01T10:28:29","modified_gmt":"2023-03-01T10:28:29","slug":"friteuza-electrica-2-x-4-l-m-09365212","status":"publish","type":"product","link":"https:\/\/evotek.md\/ro\/produse\/echipamente-termice\/friteuze-3\/friteuza-electrica-2-x-4-l-m-09365212\/","title":{"rendered":"FRITEUZA ELECTRICA, 4+4 LITRI -M-09365212"},"content":{"rendered":"<p><strong>FRITEUZA ELECTRICA, 4+4 LITRI -M-09365212-<\/strong> este o friteuz\u0103 dubl\u0103 versatil\u0103 potrivit\u0103 pentru utilizarea zilnic\u0103. Friteuza are dou\u0103 cuve de 4 litri, ceea ce o face ideala pentru prepararea profesional\u0103 a bucatelor. Friteuza de 2 x 4 litri este conceput\u0103 cu col\u021buri rotunjite \u0219i prev\u0103zut\u0103 cu capace pentru a preveni stropirea uleiului. \u00cempreun\u0103 cu designul ergonomic al friteuzei, aceasta asigur\u0103 o munc\u0103 pl\u0103cut\u0103 \u0219i sigur\u0103. Carcasa, cuvele \u0219i co\u0219urile din o\u021bel inoxidabil sunt u\u0219or de cur\u0103\u021bat. Friteuza cu un volum de 8 litri este potrivita pentru prajirea diverselor preparate.<\/p>\n<p>Caracteristici<br \/>\nComponente pentru sarcini grele<br \/>\nTermostat 50 \u00b0C p\u00e2n\u0103 la 200 \u00b0C<br \/>\nElemente de \u00eenc\u0103lzire individuale<br \/>\nIndicator de temperatur\u0103<br \/>\nM\u00e2ner rezistent la c\u0103ldur\u0103<br \/>\nSt\u0103 pe 4 picioare de cauciuc<br \/>\nConstruc\u021bie foarte durabil\u0103<br \/>\nDesign igienic<br \/>\nGreutate neta: 9,8 kg<br \/>\nMin. capacitate ulei: 2 x 4,2 l<br \/>\nMaxim. capacitate ulei: 2 x 4,9 l<br \/>\nCapacitate de cartofi pr\u0103ji\u021bi: 2 x 0,8 kg<br \/>\nDimensiuni co\u0219: L135 x D200 x H115 mm<br \/>\nDimensiuni aparat: L450 x D385 x H315 mm<br \/>\nPuterea elementului de \u00eenc\u0103lzire: 2,5 + 2,5 kW<br \/>\nPutere electric\u0103 total\u0103: 5,0 kW<br \/>\nPutere: 230V \/ 50Hz \/ 1 faza 2 x 2500W<\/p>\n","protected":false},"excerpt":{"rendered":"<p>Friteuz\u0103 electric\u0103 2 x 4 litri. Componente pentru sarcini grele; Termostat 50 \u00b0C p\u00e2n\u0103 la 200 \u00b0C; Elemente de \u00eenc\u0103lzire individuale; Indicator de temperatur\u0103; M\u00e2ner rezistent la c\u0103ldur\u0103; St\u0103 pe 4 picioare de cauciuc; Construc\u021bie foarte durabil\u0103; Design igienic; Greutate neta: 9,8 kg; Min. capacitate ulei: 2 x 4,2 l; Maxim. capacitate ulei: 2 x 4,9 l; Capacitate de cartofi pr\u0103ji\u021bi: 2 x 0,8 kg; Dimensiuni co\u0219: L135 x D200 x H115 mm; Dimensiuni aparat: L450 x D385 x H315 mm; Puterea elementului de \u00eenc\u0103lzire: 2,5 + 2,5 kW; Putere electric\u0103 total\u0103: 5,0 kW\u00ee; Putere: 230V \/ 50Hz \/ 1 faza 2 x 2500W.<\/p>\n","protected":false},"featured_media":28065,"template":"","meta":[],"_links":{"self":[{"href":"https:\/\/evotek.md\/ro\/wp-json\/wp\/v2\/product\/28078"}],"collection":[{"href":"https:\/\/evotek.md\/ro\/wp-json\/wp\/v2\/product"}],"about":[{"href":"https:\/\/evotek.md\/ro\/wp-json\/wp\/v2\/types\/product"}],"wp:featuredmedia":[{"embeddable":true,"href":"https:\/\/evotek.md\/ro\/wp-json\/wp\/v2\/media\/28065"}],"wp:attachment":[{"href":"https:\/\/evotek.md\/ro\/wp-json\/wp\/v2\/media?parent=28078"}],"curies":[{"name":"wp","href":"https:\/\/api.w.org\/{rel}","templated":true}]}}