{"id":28060,"date":"2022-03-07T11:08:16","date_gmt":"2022-03-07T11:08:16","guid":{"rendered":"https:\/\/evotek.md\/produse\/fara-categorie\/masina-automata-pentru-gogosi-m-09374000\/"},"modified":"2022-03-07T11:58:35","modified_gmt":"2022-03-07T11:58:35","slug":"masina-automata-pentru-gogosi-m-09374000","status":"publish","type":"product","link":"https:\/\/evotek.md\/ro\/produse\/echipamente-pentru-fast-food\/aparate-pentru-donuts-2-oborudovanie-dlia-fast-food\/masina-automata-pentru-gogosi-m-09374000\/","title":{"rendered":"MA\u0218IN\u0102 AUTOMAT\u0102 PENTRU CREAREA GOGO\u0218ILOR M-09374000"},"content":{"rendered":"<p><strong>MA\u0218IN\u0102 AUTOMAT\u0102 PENTRU CREAREA GOGO\u0218ILOR M-09374000-<\/strong> este o ma\u0219in\u0103 de \u00eenalt\u0103 calitate care este foarte potrivit\u0103 pentru o productivitate ridicat\u0103 \u0219i utilizare zilnic\u0103. Ma\u0219ina este u\u0219or de utilizat; turnati aluatul \u00een vas \u0219i prin forma de jos aluatul iese \u00een form\u0103 de gogoa\u0219\u0103. Gogoasa intr\u0103 direct \u00een friteuz\u0103. Roata asigur\u0103 ca gr\u0103simea s\u0103 se mi\u0219te, iar grilele din tigaie continu\u0103 s\u0103 \u00eenv\u00e2rteasc\u0103 gogoa\u0219ele pentru ca acestea s\u0103 se g\u0103teasc\u0103 bine \u0219i uniform. Ma\u0219ina pentru gogo\u0219i este fabricat\u0103 din o\u021bel inoxidabil, astfel \u00eenc\u00e2t este durabil\u0103 \u0219i u\u0219or de cur\u0103\u021bat.<\/p>\n<p>Caracteristici<br \/>\nFiabil \u0219i u\u0219or de operat<br \/>\nProductivitate ridicat\u0103: 500 buc\u0103\u021bi pe or\u0103<br \/>\nFriteuza cu sistem de rota\u021bie automat\u0103<br \/>\nFriteuza cu robinet<br \/>\nTermostat variabil de la 60\u00b0C la 240 \u00b0C<br \/>\nIndicatori de temperatur\u0103<br \/>\nEchipat cu un cronometru<br \/>\nEchipat cu un contor pentru gogo\u0219i.<br \/>\nSt\u0103 pe picioare de cauciuc<br \/>\nConstruc\u021bie foarte durabil\u0103<br \/>\nDesign igienic<br \/>\nGreutate neta: 40 kg<br \/>\nDiametru gogoa\u0219\u0103: 3-5cm\/5-7cm\/7-10cm<br \/>\nDimensiunile aparatului: L965 x D330 x H650 mm<br \/>\nPutere electric\u0103 total\u0103: 3,0 kW<br \/>\nPutere: 230V \/ 50Hz \/ 1 faza 3000W<\/p>\n","protected":false},"excerpt":{"rendered":"<p>Ma\u0219in\u0103 automat\u0103 pentru crearea gogo\u0219ilor. Fiabil \u0219i u\u0219or de operat; Productivitate ridicat\u0103: 500 buc\u0103\u021bi pe or\u0103; Friteuza cu sistem de rota\u021bie automat\u0103; Friteuza cu robinet; Termostat variabil de la 60\u00b0C la 240 \u00b0C; Indicatori de temperatur\u0103; Echipat cu un cronometru; Echipat cu un contor pentru gogo\u0219i.; St\u0103 pe picioare de cauciuc; Construc\u021bie foarte durabil\u0103; Design igienic; Greutate neta: 40 kg; Diametru gogoa\u0219\u0103: 3-5cm\/5-7cm\/7-10cm; Dimensiunile aparatului: L965 x D330 x H650 mm; Putere electric\u0103 total\u0103: 3,0 kW; Putere: 230V \/ 50Hz \/ 1 faza 3000W.<\/p>\n","protected":false},"featured_media":28042,"template":"","meta":[],"_links":{"self":[{"href":"https:\/\/evotek.md\/ro\/wp-json\/wp\/v2\/product\/28060"}],"collection":[{"href":"https:\/\/evotek.md\/ro\/wp-json\/wp\/v2\/product"}],"about":[{"href":"https:\/\/evotek.md\/ro\/wp-json\/wp\/v2\/types\/product"}],"wp:featuredmedia":[{"embeddable":true,"href":"https:\/\/evotek.md\/ro\/wp-json\/wp\/v2\/media\/28042"}],"wp:attachment":[{"href":"https:\/\/evotek.md\/ro\/wp-json\/wp\/v2\/media?parent=28060"}],"curies":[{"name":"wp","href":"https:\/\/api.w.org\/{rel}","templated":true}]}}