{"id":28037,"date":"2022-03-07T10:55:24","date_gmt":"2022-03-07T10:55:24","guid":{"rendered":"https:\/\/evotek.md\/produse\/fara-categorie\/aparat-pentru-mini-gogosi-12-buc-m-09374011\/"},"modified":"2022-03-09T09:26:41","modified_gmt":"2022-03-09T09:26:41","slug":"aparat-pentru-mini-gogosi-12-buc-m-09374011","status":"publish","type":"product","link":"https:\/\/evotek.md\/ro\/produse\/echipamente-pentru-fast-food\/aparate-pentru-donuts-2-oborudovanie-dlia-fast-food\/aparat-pentru-mini-gogosi-12-buc-m-09374011\/","title":{"rendered":"APARAT PENTRU MINI GOGO\u0218I \u2013 15 buc. M-09374012"},"content":{"rendered":"<p><strong> APARAT PENTRU MINI GOGO\u0218I \u2013 15 buc. M-09374012-<\/strong> Aparatul electric de f\u0103cut gogo\u0219i este o ma\u0219in\u0103 de \u00eenalt\u0103 calitate, care se potrive\u0219te pentru produc\u021bia rapid\u0103 \u0219i utilizarea zilnic\u0103. Datorit\u0103 dimensiunilor sale compacte, ma\u0219ina pentru gogo\u0219i este u\u0219or de utilizat. Odat\u0103 ce ma\u0219ina de gogo\u0219i este fierbinte, pute\u021bi unge formele de copt \u0219i pute\u021bi umple cu aluat. Formele de copt sunt realizate din aluminiu, ceea ce asigura o buna conductivitate termica. Exteriorul ma\u0219inii de gogo\u0219i este fabricat din o\u021bel inoxidabil, astfel \u00eenc\u00e2t este durabil \u0219i u\u0219or de cur\u0103\u021bat.<\/p>\n<p>Caracteristici<br \/>\nFiabil \u0219i u\u0219or de operat<br \/>\nProducerea rapid\u0103 a c\u00e2te 15 gogo\u0219i o dat\u0103<br \/>\nTava de copt din aluminiu cu invelis antiaderent<br \/>\nIncalzire pe ambele parti<br \/>\nTermostat variabil de la 50 \u00b0C la 300 \u00b0C<br \/>\nEchipat cu un cronometru<br \/>\nIndicator de temperatur\u0103<br \/>\nPrevazut cu tava de picurare<br \/>\nM\u00e2ner durabil<br \/>\nSt\u0103 pe 4 picioare din o\u021bel inoxidabil<br \/>\nConstruc\u021bie foarte durabil\u0103<br \/>\nDesign igienic<br \/>\nGreutate neta: 12 kg<br \/>\nDimensiuni gogoasa: \u00d8 45 x 20 mm<br \/>\nDimensiuni aparat: L380 x D310 x H270 mm<br \/>\nPutere electrica totala: 1,75 kW<br \/>\nPutere: 230V \/ 50Hz \/ 1 faza 1750W<\/p>\n","protected":false},"excerpt":{"rendered":"<p>Aparat electric de f\u0103cut gogo\u0219i 15 buc\u0103\u021bi. Fiabil \u0219i u\u0219or de operat; Producerea rapid\u0103 a c\u00e2te 15 gogo\u0219i o dat\u0103; Tava de copt din aluminiu cu invelis antiaderent; Incalzire pe ambele parti; Termostat variabil de la 50 \u00b0C la 300 \u00b0C; Echipat cu un cronometru; Indicator de temperatur\u0103; Prevazut cu tava de picurare; M\u00e2ner durabil; St\u0103 pe 4 picioare din o\u021bel inoxidabil; Construc\u021bie foarte durabil\u0103; Design igienic; Greutate neta: 12 kg; Dimensiuni gogoasa: \u00d8 45 x 20 mm; Dimensiuni aparat: L380 x D310 x H270 mm; Putere electrica totala: 1,75 kW; Putere: 230V \/ 50Hz \/ 1 faza 1750W.<\/p>\n","protected":false},"featured_media":28239,"template":"","meta":[],"_links":{"self":[{"href":"https:\/\/evotek.md\/ro\/wp-json\/wp\/v2\/product\/28037"}],"collection":[{"href":"https:\/\/evotek.md\/ro\/wp-json\/wp\/v2\/product"}],"about":[{"href":"https:\/\/evotek.md\/ro\/wp-json\/wp\/v2\/types\/product"}],"wp:featuredmedia":[{"embeddable":true,"href":"https:\/\/evotek.md\/ro\/wp-json\/wp\/v2\/media\/28239"}],"wp:attachment":[{"href":"https:\/\/evotek.md\/ro\/wp-json\/wp\/v2\/media?parent=28037"}],"curies":[{"name":"wp","href":"https:\/\/api.w.org\/{rel}","templated":true}]}}