{"id":28019,"date":"2022-03-07T09:02:44","date_gmt":"2022-03-07T09:02:44","guid":{"rendered":"https:\/\/evotek.md\/produse\/fara-categorie\/friteuza-electrica-30-l-cu-robinet-si-dulap-m-09365232\/"},"modified":"2023-02-28T15:45:47","modified_gmt":"2023-02-28T15:45:47","slug":"friteuza-electrica-30-l-cu-robinet-si-dulap-m-09365232","status":"publish","type":"product","link":"https:\/\/evotek.md\/ro\/produse\/echipamente-termice\/friteuze-3\/friteuza-electrica-30-l-cu-robinet-si-dulap-m-09365232\/","title":{"rendered":"FRITEUZA ELECTRICA CU ROBINET SI DULAP, 30 LITRI -M-09365232"},"content":{"rendered":"<p><strong>FRITEUZA ELECTRICA CU ROBINET SI DULAP, 30 LITRI -M-09365232-<\/strong> este o friteuza universala potrivita pentru utilizarea zilnica. Friteuza are un co\u0219 de 30 de litri cu robinet, astfel \u00eenc\u00e2t s\u0103 pute\u021bi schimba u\u0219or uleiul. Friteuza de 30 de litri are col\u021buri rotunjite \u0219i vine cu un capac pentru a preveni stropirea uleiului. Designul ergonomic al friteuzei asigura o functionare placuta si sigura. Carcasa este din o\u021bel inoxidabil, tava de colectare, cuva \u0219i co\u0219ul sunt u\u0219or de cur\u0103\u021bat. Friteuza de 30 de litri este potrivit\u0103 pentru pr\u0103jirea unei variet\u0103\u021bi mari de alimente.<\/p>\n<p>Caracteristici<br \/>\nComponente pentru sarcini grele<br \/>\nTermostat 50 \u00b0C p\u00e2n\u0103 la 200 \u00b0C<br \/>\nIndicator de temperatur\u0103<br \/>\nM\u00e2ner rezistent la c\u0103ldur\u0103<br \/>\nAre robinet<br \/>\nInclusiv dulap de depozitare<br \/>\nGril\u0103 pentru colectarea resturilor<br \/>\nSt\u0103 pe 4 picioare de cauciuc<br \/>\nConstruc\u021bie foarte durabil\u0103<br \/>\nDesign igienic<br \/>\nGreutate neta: 35 kg<br \/>\nCapacitate cartofi prajiti: 3 kg<br \/>\nDimensiuni co\u0219: L470 x D275 x H95 mm.<br \/>\nDimensiuni aparat: L590 x D525 x H915 mm<br \/>\nPutere electrica totala: 4,8 kW<br \/>\nPutere: 400V \/ 50Hz \/ 3 faze 4800W<\/p>\n","protected":false},"excerpt":{"rendered":"<p>Friteuz\u0103 electric\u0103 30 litri, cu robinet \u0219i dulap. Componente pentru sarcini grele; Termostat 50 \u00b0C p\u00e2n\u0103 la 200 \u00b0C; Indicator de temperatur\u0103; M\u00e2ner rezistent la c\u0103ldur\u0103; Are robinet; Inclusiv dulap de depozitare; Gril\u0103 pentru colectarea resturilor; St\u0103 pe 4 picioare de cauciuc; Construc\u021bie foarte durabil\u0103; Design igienic; Greutate neta: 35 kg; Capacitate cartofi prajiti: 3 kg; Dimensiuni co\u0219: L470 x D275 x H95 mm; Dimensiuni aparat: L590 x D525 x H915 mm; Putere electrica totala: 4,8 kW; Putere: 400V \/ 50Hz \/ 3 faze 4800W.<\/p>\n","protected":false},"featured_media":28000,"template":"","meta":[],"_links":{"self":[{"href":"https:\/\/evotek.md\/ro\/wp-json\/wp\/v2\/product\/28019"}],"collection":[{"href":"https:\/\/evotek.md\/ro\/wp-json\/wp\/v2\/product"}],"about":[{"href":"https:\/\/evotek.md\/ro\/wp-json\/wp\/v2\/types\/product"}],"wp:featuredmedia":[{"embeddable":true,"href":"https:\/\/evotek.md\/ro\/wp-json\/wp\/v2\/media\/28000"}],"wp:attachment":[{"href":"https:\/\/evotek.md\/ro\/wp-json\/wp\/v2\/media?parent=28019"}],"curies":[{"name":"wp","href":"https:\/\/api.w.org\/{rel}","templated":true}]}}