{"id":27993,"date":"2022-03-04T15:47:40","date_gmt":"2022-03-04T15:47:40","guid":{"rendered":"https:\/\/evotek.md\/produse\/fara-categorie\/aparat-pentru-mini-gogosi\/"},"modified":"2025-07-08T07:12:30","modified_gmt":"2025-07-08T07:12:30","slug":"aparat-pentru-mini-gogosi-m-09374011","status":"publish","type":"product","link":"https:\/\/evotek.md\/ro\/produse\/echipamente-pentru-fast-food\/aparate-pentru-donuts-2-oborudovanie-dlia-fast-food\/aparat-pentru-mini-gogosi-m-09374011\/","title":{"rendered":"APARAT ELECTRIC PENTRU MINI GOGO\u0218I, 12 buc. -M-09374011"},"content":{"rendered":"<p><strong>APARAT ELECTRIC PENTRU MINI GOGO\u0218I, 12 buc. -M-09374011-<\/strong> Aparatul electric de f\u0103cut gogo\u0219i este o ma\u0219in\u0103 de \u00eenalt\u0103 calitate, care se potrive\u0219te pentru produc\u021bia rapid\u0103 \u0219i utilizarea zilnic\u0103. Datorit\u0103 dimensiunilor sale compacte, ma\u0219ina pentru gogo\u0219i este u\u0219or de utilizat. Odat\u0103 ce ma\u0219ina de gogo\u0219i este fierbinte, pute\u021bi unge formele de copt \u0219i pute\u021bi umple cu aluat. Formele de copt sunt realizate din aluminiu, ceea ce asigura o buna conductivitate termica. Exteriorul ma\u0219inii de gogo\u0219i este fabricat din o\u021bel inoxidabil, astfel \u00eenc\u00e2t este durabil \u0219i u\u0219or de cur\u0103\u021bat.<\/p>\n<p>Caracteristici<br \/>\nFiabil \u0219i u\u0219or de operat<br \/>\nProducerea rapid\u0103 a 12 gogo\u0219i concomitent<br \/>\nSuprafa\u021ba de copt din aluminiu cu inveli\u0219 antiaderent<br \/>\nTermostat variabil de la 50 \u00b0C la 300 \u00b0C<br \/>\nEchipat cu un cronometru<br \/>\nIndicator de temperatur\u0103<br \/>\nM\u00e2ner durabil<br \/>\nPrevazut cu tav\u0103 pentru picurare<br \/>\nSt\u0103 pe 4 picioare din o\u021bel inoxidabil<br \/>\nConstruc\u021bie foarte durabil\u0103<br \/>\nDesign igienic<br \/>\nGreutate neta: 11 kg<br \/>\nDimensiunile unei gogoa\u0219e: \u00d8 50 x 20 mm<br \/>\nDimensiunile aparatului: L380 x D310 x H270 mm<br \/>\nPutere electric\u0103 total\u0103: 1,75 kW<br \/>\nPutere: 230V \/ 50Hz \/ 1 faza 1750W<\/p>\n","protected":false},"excerpt":{"rendered":"<p>Aparat electric de f\u0103cut gogo\u0219i 12 buc\u0103\u021bi. Fiabil \u0219i u\u0219or de operat; Producerea rapid\u0103 a 12 gogo\u0219i concomitent; Suprafa\u021ba de copt din aluminiu cu inveli\u0219 antiaderent; Termostat variabil de la 50 \u00b0C la 300 \u00b0C; Echipat cu un cronometru; Indicator de temperatur\u0103; M\u00e2ner durabil; Prevazut cu tav\u0103 pentru picurare; St\u0103 pe 4 picioare din o\u021bel inoxidabil; Construc\u021bie foarte durabil\u0103; Design igienic; Greutate neta: 11 kg; Dimensiunile unei gogoa\u0219e: \u00d8 50 x 20 mm; Dimensiunile aparatului: L380 x D310 x H270 mm; Putere electric\u0103 total\u0103: 1,75 kW; Putere: 230V \/ 50Hz \/ 1 faza 1750W.<\/p>\n","protected":false},"featured_media":27980,"template":"","meta":[],"_links":{"self":[{"href":"https:\/\/evotek.md\/ro\/wp-json\/wp\/v2\/product\/27993"}],"collection":[{"href":"https:\/\/evotek.md\/ro\/wp-json\/wp\/v2\/product"}],"about":[{"href":"https:\/\/evotek.md\/ro\/wp-json\/wp\/v2\/types\/product"}],"wp:featuredmedia":[{"embeddable":true,"href":"https:\/\/evotek.md\/ro\/wp-json\/wp\/v2\/media\/27980"}],"wp:attachment":[{"href":"https:\/\/evotek.md\/ro\/wp-json\/wp\/v2\/media?parent=27993"}],"curies":[{"name":"wp","href":"https:\/\/api.w.org\/{rel}","templated":true}]}}