{"id":27949,"date":"2022-03-04T13:06:33","date_gmt":"2022-03-04T13:06:33","guid":{"rendered":"https:\/\/evotek.md\/produse\/fara-categorie\/friteuza-electrica-m-09365215\/"},"modified":"2023-03-01T10:32:18","modified_gmt":"2023-03-01T10:32:18","slug":"friteuza-electrica-m-09365215","status":"publish","type":"product","link":"https:\/\/evotek.md\/ro\/produse\/echipamente-termice\/friteuze-3\/friteuza-electrica-m-09365215\/","title":{"rendered":"FRITEUZA ELECTRICA, 8 LITRI -M-09365215"},"content":{"rendered":"<p><strong>FRITEUZA ELECTRICA, 8 LITRI -M-09365215-<\/strong> este o friteuza versatila potrivita pentru utilizarea zilnica. Friteuza are cuva de 8 litri, ceea ce o face ideal\u0103 pentru prepararea gust\u0103rilor \u00een buc\u0103t\u0103riile profesionale. Friteuza de 8 litri este finisat\u0103 frumos, cu col\u021buri rotunjite \u0219i vine cu un capac pentru a preveni stropirea uleiului. \u00cempreun\u0103 cu designul ergonomic al friteuzei, aceasta asigur\u0103 o munc\u0103 pl\u0103cut\u0103 \u0219i sigur\u0103. Corpul, friteuza \u0219i co\u0219ul din o\u021bel inoxidabil sunt u\u0219or de cur\u0103\u021bat. Friteuza cu un volum de 8 litri este potrivita pentru prajirea diverselor preparate.<\/p>\n<p>Caracteristici<br \/>\nFriteuza 8 l<br \/>\nComponente pentru sarcini grele<br \/>\nTermostat 50 \u00b0C p\u00e2n\u0103 la 200 \u00b0C<br \/>\nIndicator de temperatur\u0103<br \/>\nM\u00e2ner rezistent la c\u0103ldur\u0103<br \/>\nSt\u0103 pe 4 picioare de cauciuc<br \/>\nConstruc\u021bie foarte durabil\u0103<br \/>\nDesign igienic<br \/>\nGreutate neta: 9,8 kg<br \/>\nMin. Capacitate ulei: 1 x 8.3L<br \/>\nMaxim. Capacitate ulei: 1 x 10,4 L<br \/>\nCapacitate cartofi prajiti: 1,4 kg<br \/>\nDimensiuni co\u0219: L175 x D230 x H140 mm<br \/>\nDimensiuni aparat: L270 x D415 x H340 mm<br \/>\nPutere electrica totala: 3,25 kW<br \/>\nPutere: 230V \/ 50Hz \/ 1 faza 3250W<\/p>\n","protected":false},"excerpt":{"rendered":"<p>Friteuza electric\u0103 de 8 litri; Componente pentru sarcini grele; Termostat 50 \u00b0C p\u00e2n\u0103 la 200 \u00b0C; Indicator de temperatur\u0103; M\u00e2ner rezistent la c\u0103ldur\u0103; St\u0103 pe 4 picioare de cauciuc; Construc\u021bie foarte durabil\u0103; Design igienic; Greutate neta: 9,8 kg; Min. Capacitate ulei: 1 x 8.3L; Maxim. Capacitate ulei: 1 x 10,4 L; Capacitate cartofi prajiti: 1,4 kg; Dimensiuni co\u0219: L175 x D230 x H140 mm; Dimensiuni aparat: L270 x D415 x H340 mm; Putere electrica totala: 3,25 kW; Putere: 230V \/ 50Hz \/ 1 faza 3250W.<\/p>\n","protected":false},"featured_media":27934,"template":"","meta":[],"_links":{"self":[{"href":"https:\/\/evotek.md\/ro\/wp-json\/wp\/v2\/product\/27949"}],"collection":[{"href":"https:\/\/evotek.md\/ro\/wp-json\/wp\/v2\/product"}],"about":[{"href":"https:\/\/evotek.md\/ro\/wp-json\/wp\/v2\/types\/product"}],"wp:featuredmedia":[{"embeddable":true,"href":"https:\/\/evotek.md\/ro\/wp-json\/wp\/v2\/media\/27934"}],"wp:attachment":[{"href":"https:\/\/evotek.md\/ro\/wp-json\/wp\/v2\/media?parent=27949"}],"curies":[{"name":"wp","href":"https:\/\/api.w.org\/{rel}","templated":true}]}}