{"id":27917,"date":"2022-03-03T15:50:27","date_gmt":"2022-03-03T15:50:27","guid":{"rendered":"https:\/\/evotek.md\/produse\/fara-categorie\/cazan-apa-calda-20-l-m-09300596\/"},"modified":"2023-02-22T10:48:39","modified_gmt":"2023-02-22T10:48:39","slug":"cazan-apa-calda-20-l-m-09300596","status":"publish","type":"product","link":"https:\/\/evotek.md\/ro\/produse\/echipamente-termice\/fierbatoare\/cazan-apa-calda-20-l-m-09300596\/","title":{"rendered":"FIERBATOR ELECTRIC, 20 LITRI -M-09300596"},"content":{"rendered":"<p><strong>FIERBATOR ELECTRIC, 20 LITRI -M-09300596- <\/strong>Dozatorul\/cazanul de apa calda Maxima 20L este un ceainic profesional care poate incalzi pana la 20 litri de apa. Acest ceainic este frumos finisat \u0219i are un corp \u0219i un capac din o\u021bel inoxidabil, ceea ce \u00eel face un instrument indispensabil \u00een buc\u0103t\u0103rie. Acest cazan de ap\u0103 cald\u0103 de la Maxima este, de asemenea, u\u0219or de utilizat. Indicatorul de nivel extern arat\u0103 c\u00e2t de plin este fierb\u0103torul, \u00een plus, m\u00e2nerele v\u0103 vor ajuta \u0219i s\u0103 utiliza\u021bi acest ceainic. Mai jos pute\u021bi g\u0103si toate caracteristicile dozatorului\/boilerului Maxima 20L:<\/p>\n<p>Caracteristici<br \/>\nBoiler \/ boiler profesional<br \/>\nCorp \u0219i capac din o\u021bel inoxidabil<br \/>\nAcoperi\u021bi cu capac de plastic<br \/>\nM\u00e2nere de transport confortabile, izolate.<br \/>\nNivel de sticla cu scara<br \/>\nCapacitate totala: 20 litri<br \/>\nTimp mediu de \u00eenc\u0103lzire: 20-30 minute<br \/>\nControlul temperaturii 30\u00b0C &#8211; 110\u00b0C<br \/>\nIndicator de temperatur\u0103<br \/>\nSt\u0103 pe patru picioare de cauciuc<br \/>\nCu robinet rezistent<br \/>\nUsor de curatat<br \/>\nGreutate neta: 3,6 kg<br \/>\nDimensiuni: L310 x D310 x H523 mm<br \/>\n230V\/50Hz\/1 faza 2500W<\/p>\n","protected":false},"excerpt":{"rendered":"<p>Fierb\u0103tor electric 20 l. Boiler \/ boiler profesional; Corp \u0219i capac din o\u021bel inoxidabil; Acoperi\u021bi cu capac de plastic; M\u00e2nere de transport confortabile, izolate.; Nivel de sticla cu scara; Capacitate totala: 20 litri; Timp mediu de \u00eenc\u0103lzire: 20-30 minute; Controlul temperaturii 30\u00b0C &#8211; 110\u00b0C; Indicator de temperatur\u0103; St\u0103 pe patru picioare de cauciuc; Cu robinet rezistent; Usor de curatat; Greutate neta: 3,6 kg; Dimensiuni: L310 x D310 x H523 mm; 230V\/50Hz\/1 faza 2500W.<\/p>\n","protected":false},"featured_media":27914,"template":"","meta":[],"_links":{"self":[{"href":"https:\/\/evotek.md\/ro\/wp-json\/wp\/v2\/product\/27917"}],"collection":[{"href":"https:\/\/evotek.md\/ro\/wp-json\/wp\/v2\/product"}],"about":[{"href":"https:\/\/evotek.md\/ro\/wp-json\/wp\/v2\/types\/product"}],"wp:featuredmedia":[{"embeddable":true,"href":"https:\/\/evotek.md\/ro\/wp-json\/wp\/v2\/media\/27914"}],"wp:attachment":[{"href":"https:\/\/evotek.md\/ro\/wp-json\/wp\/v2\/media?parent=27917"}],"curies":[{"name":"wp","href":"https:\/\/api.w.org\/{rel}","templated":true}]}}