{"id":27860,"date":"2022-03-03T13:35:12","date_gmt":"2022-03-03T13:35:12","guid":{"rendered":"https:\/\/evotek.md\/produse\/fara-categorie\/espressor-aparat-de-cafea-3-grupuri-m-08804150\/"},"modified":"2022-03-03T14:09:30","modified_gmt":"2022-03-03T14:09:30","slug":"espressor-aparat-de-cafea-3-grupuri-m-08804150","status":"publish","type":"product","link":"https:\/\/evotek.md\/ro\/produse\/echipamente-pentru-bar-si-cafea\/masini-pentru-cafea\/espressor-aparat-de-cafea-3-grupuri-m-08804150\/","title":{"rendered":"ESPRESSOR-APARAT DE CAFEA 3 grupuri M-08804150"},"content":{"rendered":"<p><strong>ESPRESSOR-APARAT DE CAFEA 3 grupuri M-08804150-<\/strong> este un aparat de cafea-espressor profesional \u0219i elegant de \u00eenalt\u0103 calitate cu un boiler de 17,5 L pentru 720 de c\u0103ni pe or\u0103.<\/p>\n<p>Facilit\u0103\u021bi: Aparat de cafea perfect din punct de vedere tehnologic, fiabil \u0219i de \u00eenalt\u0103 calitate; Coarcas\u0103 din o\u021bel inoxidabil cu aspect elegant; Filtru tava cromat cu tava din otel inoxidabil; Panou de control separat cu control tactil convenabil; 4 portii diferite de cafea per grup (control cu \u200b\u200bmicroprocesor); Ideal pentru diverse preparate de cafea; 1 maneta din otel cromat pentru alimentarea cu abur; 1 robinet cromat pentru apa clocotita; 3 pistoane espresso puternice cu gura dubla si filtru; Alimentare automat\u0103 cu ap\u0103 prin electrovalve magnetice; Pomp\u0103 cu motor volumetric\u0103 \u00eencorporat\u0103 cu dou\u0103 supape de re\u021binere; Pomp\u0103 cu motor de \u00eenalt\u0103 eficien\u021b\u0103 cu filtru automat de particule; Pompa se opre\u0219te automat la presiune sc\u0103zut\u0103 a apei; Cazan din cupru cu supap\u0103 anti-vid; Ma\u0219ina este echipat\u0103 cu o supap\u0103 de siguran\u021b\u0103; Semnal luminos pentru nivel sc\u0103zut al apei \u00een cazan; Elementul de \u00eenc\u0103lzire al cazanului se opre\u0219te automat la un nivel sc\u0103zut al apei; 3 capete de grup cu camera de preparare directa; Injectarea direct\u0103 a apei din boiler \u00een cafea; Cap de grup cu autocuratare cu spalare automata; Inclusiv furtun de alimentare cu ap\u0103 \u0219i membran\u0103 de cur\u0103\u021bare; Usor de intretinut si curatat; St\u0103 ferm pe 4 picioare de cauciuc.<\/p>\n<p>Caracteristici<br \/>\nCapacitate: 720 ce\u0219ti espresso pe or\u0103<br \/>\nVolumul cazanului: 17,5 litri<br \/>\nGreutate neta: 71,4 kg<br \/>\nDimensiuni ma\u0219in\u0103: L980 x D590 x H530 mm<br \/>\n400V \/ 50Hz \/ 3 faze 6350W<\/p>\n","protected":false},"excerpt":{"rendered":"<p>Espressor-aparat de cafea cu <span style=\"font-size: 14.4px\">volumul cazanului: 17,5 litri<\/span><span style=\"font-size: 14.4px\">, 720 ce\u0219ti espresso pe or\u0103. <\/span>Greutate neta: 71,4 kg; Dimensiuni ma\u0219in\u0103: L980 x D590 x H530 mm; 400V \/ 50Hz \/ 3 faze 6350W.<\/p>\n","protected":false},"featured_media":27851,"template":"","meta":[],"_links":{"self":[{"href":"https:\/\/evotek.md\/ro\/wp-json\/wp\/v2\/product\/27860"}],"collection":[{"href":"https:\/\/evotek.md\/ro\/wp-json\/wp\/v2\/product"}],"about":[{"href":"https:\/\/evotek.md\/ro\/wp-json\/wp\/v2\/types\/product"}],"wp:featuredmedia":[{"embeddable":true,"href":"https:\/\/evotek.md\/ro\/wp-json\/wp\/v2\/media\/27851"}],"wp:attachment":[{"href":"https:\/\/evotek.md\/ro\/wp-json\/wp\/v2\/media?parent=27860"}],"curies":[{"name":"wp","href":"https:\/\/api.w.org\/{rel}","templated":true}]}}