{"id":27846,"date":"2022-03-03T13:04:46","date_gmt":"2022-03-03T13:04:46","guid":{"rendered":"https:\/\/evotek.md\/produse\/fara-categorie\/espressor-machine-115-l-m-08804100\/"},"modified":"2022-03-03T13:19:22","modified_gmt":"2022-03-03T13:19:22","slug":"espressor-machine-115-l-m-08804100","status":"publish","type":"product","link":"https:\/\/evotek.md\/ro\/produse\/echipamente-pentru-bar-si-cafea\/masini-pentru-cafea\/espressor-machine-115-l-m-08804100\/","title":{"rendered":"ESPRESSOR-APARAT DE CAFEA 11,5 L M-08804100"},"content":{"rendered":"<p><strong>ESPRESSOR-APARAT DE CAFEA 11,5 L M-08804100-<\/strong> este un aparat de cafea-espressor profesional de \u00eenalt\u0103 calitate cu design elegant. Espressorul are un boiler de 11,5 L pentru 480 de ce\u0219ti pe or\u0103.<\/p>\n<p>Caracteristici: Ma\u0219in\u0103 perfect\u0103 din punct de vedere tehnologic \u0219i fiabil\u0103 de \u00eenalt\u0103 calitate; Corp frumos din o\u021bel inoxidabil cu aspect elegant; Filtru tava cromat cu tava mare din otel inoxidabil; Panou de control separat cu control tactil convenabil; 4 portii diferite de cafea per grup (control cu \u200b\u200bmicroprocesor); Ideal pentru diverse preparate de cafea; 1 maneta din otel cromat pentru alimentarea cu abur; 1 robinet cromat pentru apa clocotita; 2 pistoane espresso puternice cu gura dubla si filtru; Alimentare automat\u0103 cu ap\u0103 prin electrovalve magnetice; Pomp\u0103 cu motor volumetric\u0103 \u00eencorporat\u0103 cu dou\u0103 supape de re\u021binere; Pomp\u0103 cu motor de \u00eenalt\u0103 eficien\u021b\u0103 cu filtru automat de particule; Pompa se opre\u0219te automat la presiune sc\u0103zut\u0103 a apei; Cazan din cupru cu supap\u0103 anti-vid; Ma\u0219ina este echipat\u0103 cu o supap\u0103 de siguran\u021b\u0103; Semnal luminos pentru nivel sc\u0103zut al apei \u00een cazan; Elementul de \u00eenc\u0103lzire al cazanului se opre\u0219te automat la un nivel sc\u0103zut al apei; 2 capete de grup cu anticamera de perfuzie directa; Injectarea direct\u0103 a apei din boiler \u00een cafea; Cap de grup cu autocuratare cu spalare automata; Inclusiv furtun de alimentare cu ap\u0103 \u0219i membran\u0103 de cur\u0103\u021bare; Usor de intretinut si curatat; St\u0103 ferm pe 4 picioare de cauciuc.<\/p>\n<p>Caracteristici<br \/>\nProductivitate: 480 de cesti de espresso pe ora.<br \/>\nVolumul cazanului: 11,5 litri<br \/>\nGreutate neta: 54 kg<br \/>\nDimensiuni ma\u0219in\u0103: L680 x D590 x H530 mm<br \/>\n230 V \/ 50 Hz \/ 1 faza 3350 W<\/p>\n","protected":false},"excerpt":{"rendered":"<p>Espressor-aparat de cafea 11,5 L pentru 480 de ce\u0219ti pe or\u0103. Greutate neta: 54 kg; Dimensiuni ma\u0219in\u0103: L680 x D590 x H530 mm; 230 V \/ 50 Hz \/ 1 faza 3350 W.<\/p>\n","protected":false},"featured_media":27835,"template":"","meta":[],"_links":{"self":[{"href":"https:\/\/evotek.md\/ro\/wp-json\/wp\/v2\/product\/27846"}],"collection":[{"href":"https:\/\/evotek.md\/ro\/wp-json\/wp\/v2\/product"}],"about":[{"href":"https:\/\/evotek.md\/ro\/wp-json\/wp\/v2\/types\/product"}],"wp:featuredmedia":[{"embeddable":true,"href":"https:\/\/evotek.md\/ro\/wp-json\/wp\/v2\/media\/27835"}],"wp:attachment":[{"href":"https:\/\/evotek.md\/ro\/wp-json\/wp\/v2\/media?parent=27846"}],"curies":[{"name":"wp","href":"https:\/\/api.w.org\/{rel}","templated":true}]}}