{"id":27709,"date":"2022-03-02T14:51:28","date_gmt":"2022-03-02T14:51:28","guid":{"rendered":"https:\/\/evotek.md\/produse\/fara-categorie\/rasnita-de-cafea-2000-gr-m-08804560\/"},"modified":"2022-03-02T15:06:23","modified_gmt":"2022-03-02T15:06:23","slug":"rasnita-de-cafea-2000-gr-m-08804560","status":"publish","type":"product","link":"https:\/\/evotek.md\/ro\/produse\/echipamente-pentru-bar-si-cafea\/rasnita-de-cafea\/rasnita-de-cafea-2000-gr-m-08804560\/","title":{"rendered":"R\u00c2\u0218NI\u021a\u0102 DE CAFEA 2000 gr M-08804560"},"content":{"rendered":"<p><strong>R\u00c2\u0218NI\u021a\u0102 DE CAFEA 2000 gr M-08804560-<\/strong> R\u00e2\u0219ni\u021b\u0103 de cafea 2000 gr. este o r\u00e2\u0219ni\u021b\u0103 de cafea profesional\u0103 elegant\u0103. Aceast\u0103 r\u00e2\u0219ni\u021b\u0103 de cafea este de \u00eenalt\u0103 calitate \u0219i lux. Cafea ideal\u0103 pentru m\u0103cinarea u\u0219oar\u0103 a boabelor de cafea.<\/p>\n<p>Caracteristici<br \/>\nRasnita digitala de cafea pentru uz profesional.<br \/>\nEchipat cu ecran tactil \u00een mai multe limbi<br \/>\nMotor cu protectie termica<br \/>\nrecipient de plastic transparent pentru fasole<br \/>\nRecipient pentru boabe de cafea de 2 kg.<br \/>\nfreze din otel calit \u00d8 60 mm<br \/>\nBoabe de cafea m\u0103cinate instantaneu<br \/>\nCu suport convenabil pentru piston<br \/>\nGradul de m\u0103cinare reglabil continuu<br \/>\nDozare reglabil\u0103 de boabe de cafea m\u0103cinate<br \/>\nPute\u021bi seta timpul de m\u0103cinare a boabelor.<br \/>\nSt\u0103 pe patru picioare de cauciuc<br \/>\nManeta distribuitorului: stanga sau dreapta<br \/>\nUsor de curatat<br \/>\nProductie: 500 grame in 5 minute<br \/>\nGreutate neta: 9 kg<br \/>\nDimensiuni: L210 x D380 x H600 mm<br \/>\n230 V \/ 50 Hz \/ 1 faza 356 W<\/p>\n","protected":false},"excerpt":{"rendered":"<p>R\u00e2\u0219ni\u021b\u0103 de cafea 2000 gr. Rasnita digitala de cafea pentru uz profesional; Echipat cu ecran tactil \u00een mai multe limbi; Motor cu protectie termica; Recipient de plastic transparent pentru fasole; Recipient pentru boabe de cafea de 2 kg; Duze din otel calit \u00d8 60 mm; Boabe de cafea m\u0103cinate instantaneu; Cu suport convenabil pentru piston; Gradul de m\u0103cinare reglabil continuu; Dozare reglabil\u0103 de boabe de cafea m\u0103cinate; Pute\u021bi seta timpul de m\u0103cinare a boabelor; St\u0103 pe patru picioare de cauciuc; Maneta distribuitorului: stanga sau dreapta; Usor de curatat; Productie: 500 grame in 5 minute; Greutate neta: 9 kg; Dimensiuni: L210 x D380 x H600 mm; 230 V \/ 50 Hz \/ 1 faza 356 W.<\/p>\n","protected":false},"featured_media":27695,"template":"","meta":[],"_links":{"self":[{"href":"https:\/\/evotek.md\/ro\/wp-json\/wp\/v2\/product\/27709"}],"collection":[{"href":"https:\/\/evotek.md\/ro\/wp-json\/wp\/v2\/product"}],"about":[{"href":"https:\/\/evotek.md\/ro\/wp-json\/wp\/v2\/types\/product"}],"wp:featuredmedia":[{"embeddable":true,"href":"https:\/\/evotek.md\/ro\/wp-json\/wp\/v2\/media\/27695"}],"wp:attachment":[{"href":"https:\/\/evotek.md\/ro\/wp-json\/wp\/v2\/media?parent=27709"}],"curies":[{"name":"wp","href":"https:\/\/api.w.org\/{rel}","templated":true}]}}