{"id":2769,"date":"2020-02-21T15:02:30","date_gmt":"2020-02-21T15:02:30","guid":{"rendered":"https:\/\/evotek.md\/?post_type=product&#038;p=2769"},"modified":"2020-02-25T15:36:22","modified_gmt":"2020-02-25T15:36:22","slug":"press-pentru-hamburger-hkn-f10","status":"publish","type":"product","link":"https:\/\/evotek.md\/ro\/produse\/echipamente-electromecanice\/masina-de-presat-carne-pentru-hamburger\/press-pentru-hamburger-hkn-f10\/","title":{"rendered":"PRESS PENTRU HAMBURGER -HKN-F10"},"content":{"rendered":"<p><strong>PRESS PENTRU HAMBURGER &#8211;<\/strong><strong>HKN-F10<\/strong><strong>&#8211;<\/strong> se folose\u0219te \u00een unit\u0103\u021bile de alimenta\u021bie public\u0103 de orice tip, pentru formarea turtelor rotunde din diferite tipuri de carne tocat\u0103 \u0219i de diferite grosimi. Carcasa dispozitivului este din aluminiu anodizat, iar elementele aflate \u00een contact direct cu produsul sunt realizate din inox. Echipamentul include suporturi de h\u00e2rtie pentru umplutur\u0103.<\/p>\n<p>Caracteristici<\/p>\n<p>Brand Hurakan<\/p>\n<p>Parametri: 325x215x272 mm<\/p>\n<p>Greutate net\u0103: 5,2 kg<\/p>\n<p>&nbsp;<\/p>\n","protected":false},"excerpt":{"rendered":"<p>Pres\u0103 pentru hamburger cu capacitatea de carne tocat\u0103 de 100 mm. Pressa are dimensiuni: 325x215x272 mm; Greutatea total\u0103 a echipamentului este de: 5,2 kg.<\/p>\n","protected":false},"featured_media":2768,"template":"","meta":[],"_links":{"self":[{"href":"https:\/\/evotek.md\/ro\/wp-json\/wp\/v2\/product\/2769"}],"collection":[{"href":"https:\/\/evotek.md\/ro\/wp-json\/wp\/v2\/product"}],"about":[{"href":"https:\/\/evotek.md\/ro\/wp-json\/wp\/v2\/types\/product"}],"wp:featuredmedia":[{"embeddable":true,"href":"https:\/\/evotek.md\/ro\/wp-json\/wp\/v2\/media\/2768"}],"wp:attachment":[{"href":"https:\/\/evotek.md\/ro\/wp-json\/wp\/v2\/media?parent=2769"}],"curies":[{"name":"wp","href":"https:\/\/api.w.org\/{rel}","templated":true}]}}