{"id":2764,"date":"2020-02-21T14:39:58","date_gmt":"2020-02-21T14:49:11","guid":{"rendered":"https:\/\/evotek.md\/?post_type=product&#038;p=2764"},"modified":"2023-02-24T13:41:37","modified_gmt":"2023-02-24T13:41:37","slug":"press-pentru-hamburger-hkn-f13","status":"publish","type":"product","link":"https:\/\/evotek.md\/ro\/produse\/echipamente-electromecanice\/masina-de-presat-carne-pentru-hamburger\/press-pentru-hamburger-hkn-f13\/","title":{"rendered":"PRESS PENTRU HAMBURGER \u00d8 130 mm -HKN-F13"},"content":{"rendered":"<p><strong>PRESS PENTRU HAMBURGER \u00d8 130 mm -HKN-F13-<\/strong> se folose\u0219te \u00een unit\u0103\u021bile de alimenta\u021bie public\u0103 de orice tip, pentru formarea turtelor rotunde din diferite tipuri de carne tocat\u0103 \u0219i de diferite grosimi. Carcasa dispozitivului este din aluminiu anodizat, iar elementele aflate \u00een contact direct cu produsul sunt realizate din inox. Echipamentul include suporturi de h\u00e2rtie pentru umplutur\u0103.<\/p>\n<p>Caracteristici<\/p>\n<p>Brand Hurakan<\/p>\n<p>Parametri: 235x230x275 mm<\/p>\n<p>Greutate net\u0103: 5,2 kg<\/p>\n<p>&nbsp;<\/p>\n","protected":false},"excerpt":{"rendered":"<p>Pres\u0103 pentru hamburger cu capacitatea recipientului pentru carne tocat\u0103 de 130 mm. Pressa are dimensiuni: 235x230x275 mm; Greutatea total\u0103 a echipamentului este de: 5,2 kg.<\/p>\n","protected":false},"featured_media":2763,"template":"","meta":[],"_links":{"self":[{"href":"https:\/\/evotek.md\/ro\/wp-json\/wp\/v2\/product\/2764"}],"collection":[{"href":"https:\/\/evotek.md\/ro\/wp-json\/wp\/v2\/product"}],"about":[{"href":"https:\/\/evotek.md\/ro\/wp-json\/wp\/v2\/types\/product"}],"wp:featuredmedia":[{"embeddable":true,"href":"https:\/\/evotek.md\/ro\/wp-json\/wp\/v2\/media\/2763"}],"wp:attachment":[{"href":"https:\/\/evotek.md\/ro\/wp-json\/wp\/v2\/media?parent=2764"}],"curies":[{"name":"wp","href":"https:\/\/api.w.org\/{rel}","templated":true}]}}