{"id":2761,"date":"2020-02-21T14:35:15","date_gmt":"2020-02-21T14:35:15","guid":{"rendered":"https:\/\/evotek.md\/?post_type=product&#038;p=2761"},"modified":"2020-02-25T15:38:11","modified_gmt":"2020-02-25T15:38:11","slug":"lampa-insecticid-hkn-mid50","status":"publish","type":"product","link":"https:\/\/evotek.md\/ro\/produse\/solutii-pentru-curatare\/insecticide-pentru-horeca\/lampa-insecticid-hkn-mid50\/","title":{"rendered":"LAMP\u0102 INSECTICID HKN-MID50"},"content":{"rendered":"<p>LAMP\u0102 INSECTICID HKN-MID50 &#8211; \u201euciga\u0219ul insectelor zbur\u0103toare\u201d. Cu ajutorul radia\u021biilor invizibile, lampa atrage d\u0103un\u0103tori din buc\u0103t\u0103rie \u0219i o distruge sub \u00eenalt\u0103 tensiune. Carcasa l\u0103mpii este realizat\u0103 din metal vopsit.<\/p>\n<p>Baza \u00eentregii structuri sunt grilele metalice. Este inclus \u0219i un lan\u021b pentru at\u00e2rnarea l\u0103mpii de tavan.<\/p>\n<p>Acest model func\u021bioneaz\u0103 la o distan\u021b\u0103 de 50 m2 \u00een jurul s\u0103u. Echipamentul are dimensiuni de 360x100x290 mm. Este conectat la o re\u021bea de 230 V. Puterea este de 0,02 kW. Greutate total\u0103 &#8211; 2,08 kg.<\/p>\n<p>Brand Hurakan<\/p>\n<p>\u00cen\u0103l\u021bime (mm) 290<\/p>\n<p>Lungime (mm) 360<\/p>\n<p>L\u0103\u021bime (mm) 100<\/p>\n<p>Putere (kW) 0,02<\/p>\n<p>Greutate net\u0103 (kg) 2,08<\/p>\n","protected":false},"excerpt":{"rendered":"<p>Acest model func\u021bioneaz\u0103 pe o raz\u0103 de 50 m2 \u00een jurul s\u0103u. Echipamentul are dimensiuni de 360x100x290 mm. Este conectat la o re\u021bea de 230 V. Puterea este de 0,02 kW. Greutate total\u0103 &#8211; 2,08 kg.<\/p>\n<p>&nbsp;<\/p>\n","protected":false},"featured_media":2760,"template":"","meta":[],"_links":{"self":[{"href":"https:\/\/evotek.md\/ro\/wp-json\/wp\/v2\/product\/2761"}],"collection":[{"href":"https:\/\/evotek.md\/ro\/wp-json\/wp\/v2\/product"}],"about":[{"href":"https:\/\/evotek.md\/ro\/wp-json\/wp\/v2\/types\/product"}],"wp:featuredmedia":[{"embeddable":true,"href":"https:\/\/evotek.md\/ro\/wp-json\/wp\/v2\/media\/2760"}],"wp:attachment":[{"href":"https:\/\/evotek.md\/ro\/wp-json\/wp\/v2\/media?parent=2761"}],"curies":[{"name":"wp","href":"https:\/\/api.w.org\/{rel}","templated":true}]}}