{"id":2755,"date":"2020-02-21T14:29:16","date_gmt":"2020-02-21T14:31:01","guid":{"rendered":"https:\/\/evotek.md\/?post_type=product&#038;p=2755"},"modified":"2023-02-27T14:59:18","modified_gmt":"2023-02-27T14:59:18","slug":"supiera-hkn-fwp2","status":"publish","type":"product","link":"https:\/\/evotek.md\/ro\/produse\/echipamente-pentru-fast-food\/supiere-2\/supiera-hkn-fwp2\/","title":{"rendered":"SUPIERA, 10 LITRI -HKN-FWP2"},"content":{"rendered":"<p><strong>SUPIERA, 10 LITRI -HKN-FWP2- <\/strong>Este folosit\u0103 \u00een unit\u0103\u021bile de alimenta\u021bie public\u0103, pentru a men\u021bine fierbinte m\u00e2ncarea preparat\u0103 \u00eenainte de deservire. Supiera este din inox \u0219i func\u021bioneaz\u0103 \u00een intervalul de temperatur\u0103 cuprins \u00eentre 35 \u0219i 95 \u00b0 C. Apa se toarn\u0103 \u00een supier\u0103 manual.<\/p>\n<p>Caracteristici<\/p>\n<p>Brand Hurakan<\/p>\n<p>Parametri: 340\u00d7340\u00d7360 mm<\/p>\n<p>Putere: 0,4 kW<\/p>\n<p>Greutate net\u0103: 4,6 kg<\/p>\n<p>&nbsp;<\/p>\n","protected":false},"excerpt":{"rendered":"<p>Supier\u0103 cu o capacitate de 10 litri. Puterea este: 0,4 kW; Tensiunea de alimentare: 230 V; Dimensiunile echipamentului: 340\u00d7340\u00d7360 mm.<\/p>\n","protected":false},"featured_media":2754,"template":"","meta":[],"_links":{"self":[{"href":"https:\/\/evotek.md\/ro\/wp-json\/wp\/v2\/product\/2755"}],"collection":[{"href":"https:\/\/evotek.md\/ro\/wp-json\/wp\/v2\/product"}],"about":[{"href":"https:\/\/evotek.md\/ro\/wp-json\/wp\/v2\/types\/product"}],"wp:featuredmedia":[{"embeddable":true,"href":"https:\/\/evotek.md\/ro\/wp-json\/wp\/v2\/media\/2754"}],"wp:attachment":[{"href":"https:\/\/evotek.md\/ro\/wp-json\/wp\/v2\/media?parent=2755"}],"curies":[{"name":"wp","href":"https:\/\/api.w.org\/{rel}","templated":true}]}}