{"id":27491,"date":"2022-02-07T09:16:14","date_gmt":"2022-02-07T09:16:14","guid":{"rendered":"https:\/\/evotek.md\/?post_type=product&#038;p=27491"},"modified":"2022-02-07T09:17:18","modified_gmt":"2022-02-07T09:17:18","slug":"cutit-pentru-paine-chef-20-cm-sanelli-c365-020","status":"publish","type":"product","link":"https:\/\/evotek.md\/ro\/produse\/accesorii-si-inventar-bucatarie\/cutite-bucatarie\/cutit-pentru-paine-chef-20-cm-sanelli-c365-020\/","title":{"rendered":"CU\u021aIT PENTRU P\u00c2INE Chef 20 cm Sanelli -C365.020"},"content":{"rendered":"<p><strong>CU\u021aIT PENTRU P\u00c2INE Chef 20 cm Sanelli -C365.020-<\/strong> Cu\u021bitele forjate din linia Chef combin\u0103 marea tradi\u021bie cu cea mai bun\u0103 tehnologie modern\u0103: forjat dintr-o singur\u0103 bucat\u0103 de o\u021bel, fiecare cu\u021bit este prelucrat \u0219i verificat cu cea mai mare grij\u0103.<br \/>\nLama, forjat\u0103 din o\u021bel inoxidabil de \u00eenalt\u0103 calitate, are capacitate mare de t\u0103iere \u0219i rezisten\u021b\u0103 la coroziune; Tija plin\u0103 ofer\u0103 cu\u021bitelor un echilibru perfect \u0219i le face perfecte pentru o utilizare sigur\u0103 \u0219i de lung\u0103 durat\u0103.<\/p>\n<p>M\u00e2nerele din r\u0103\u0219in\u0103 sintetic\u0103 se pot sp\u0103la \u00een ma\u0219ina de sp\u0103lat vase \u0219i respect\u0103 cele mai recente reglement\u0103ri de igien\u0103 alimentar\u0103.<\/p>\n<p>Caracteristici<br \/>\nMaterial: otel inoxidabil<br \/>\nCuloare neagra<br \/>\nColec\u021bie: Chef<br \/>\nTip: forjat<br \/>\nLungime 20 cm<\/p>\n","protected":false},"excerpt":{"rendered":"<p>Cu\u021bit forjat pentru p\u00e2ine. Material: otel inoxidabil; Culoare neagra; Colec\u021bie: Chef; Tip: forjat; Lungime 20 cm.<\/p>\n","protected":false},"featured_media":27490,"template":"","meta":[],"_links":{"self":[{"href":"https:\/\/evotek.md\/ro\/wp-json\/wp\/v2\/product\/27491"}],"collection":[{"href":"https:\/\/evotek.md\/ro\/wp-json\/wp\/v2\/product"}],"about":[{"href":"https:\/\/evotek.md\/ro\/wp-json\/wp\/v2\/types\/product"}],"wp:featuredmedia":[{"embeddable":true,"href":"https:\/\/evotek.md\/ro\/wp-json\/wp\/v2\/media\/27490"}],"wp:attachment":[{"href":"https:\/\/evotek.md\/ro\/wp-json\/wp\/v2\/media?parent=27491"}],"curies":[{"name":"wp","href":"https:\/\/api.w.org\/{rel}","templated":true}]}}