{"id":2745,"date":"2020-02-21T14:09:16","date_gmt":"2020-02-21T14:11:35","guid":{"rendered":"https:\/\/evotek.md\/?post_type=product&#038;p=2745"},"modified":"2023-02-27T14:58:35","modified_gmt":"2023-02-27T14:58:35","slug":"supiera-hkn-sb57","status":"publish","type":"product","link":"https:\/\/evotek.md\/ro\/produse\/echipamente-pentru-fast-food\/supiere-2\/supiera-hkn-sb57\/","title":{"rendered":"SUPIERA, 5.7 LITRI -HKN-SB57"},"content":{"rendered":"<p><strong>SUPIERA, 5.7 LITRI -HKN-SB57- <\/strong>Este folosit\u0103 \u00een unit\u0103\u021bile de alimenta\u021bie public\u0103, pentru a men\u021bine fierbinte m\u00e2ncarea preparat\u0103. Carcasa este din o\u021bel emailat. Umplerea cu ap\u0103 \u00een supier\u0103 se efectueaz\u0103 manual. Temperatura de \u00eenc\u0103lzire variaz\u0103 \u00eentre 35 \u0219i 95 \u00b0 C. Capacitatea ei este de 5,7 litri.<\/p>\n<p>Caracteristici<\/p>\n<p>Brand Hurakan<\/p>\n<p>Parametri: 270x270x370 mm<\/p>\n<p>Putere: 0,3 kW<\/p>\n<p>Greutate net\u0103: 3 kg<\/p>\n<p>Supier\u0103 cu o capacitate de 5,7 litri. Parametri: 270x270x370 mm; Este conectat la o re\u021bea de 230 V; Consum maxim de energie &#8211; 0,3 kW; Greutatea total\u0103 a echipamentului este de 3 kg; Temperatura de \u00eenc\u0103lzire variaz\u0103 \u00eentre 35 \u0219i 95 \u00b0 C.<\/p>\n","protected":false},"excerpt":{"rendered":"<p>Supier\u0103 cu o capacitate de 5,7 litri. Parametri: 270x270x370 mm; Este conectat la o re\u021bea de 230 V; Consum maxim de energie &#8211; 0,3 kW; Greutatea total\u0103 a echipamentului este de 3 kg; Temperatura de \u00eenc\u0103lzire variaz\u0103 \u00eentre 35 \u0219i 95 \u00b0 C.<\/p>\n","protected":false},"featured_media":2744,"template":"","meta":[],"_links":{"self":[{"href":"https:\/\/evotek.md\/ro\/wp-json\/wp\/v2\/product\/2745"}],"collection":[{"href":"https:\/\/evotek.md\/ro\/wp-json\/wp\/v2\/product"}],"about":[{"href":"https:\/\/evotek.md\/ro\/wp-json\/wp\/v2\/types\/product"}],"wp:featuredmedia":[{"embeddable":true,"href":"https:\/\/evotek.md\/ro\/wp-json\/wp\/v2\/media\/2744"}],"wp:attachment":[{"href":"https:\/\/evotek.md\/ro\/wp-json\/wp\/v2\/media?parent=2745"}],"curies":[{"name":"wp","href":"https:\/\/api.w.org\/{rel}","templated":true}]}}