{"id":27431,"date":"2022-01-14T13:53:15","date_gmt":"2022-01-14T13:54:43","guid":{"rendered":"https:\/\/evotek.md\/?post_type=product&#038;p=27431"},"modified":"2023-03-02T11:20:46","modified_gmt":"2023-03-02T11:20:46","slug":"zdrobitor-de-gheata-unq-hcc-6s","status":"publish","type":"product","link":"https:\/\/evotek.md\/ro\/produse\/echipamente-pentru-bar-si-cafea\/masina-de-maruntit-gheata-2\/zdrobitor-de-gheata-unq-hcc-6s\/","title":{"rendered":"ZDROBITOR DE GHEATA, 65 kg\/h -UNQ-HCC-6S"},"content":{"rendered":"<p><strong>ZDROBITOR DE GHEATA, 65 kg\/h -UNQ-HCC-6S-<\/strong> Acest dispozitiv este un model compact, ce v\u0103 permite s\u0103 m\u0103run\u021bi\u021bi ghea\u021ba, care poate fi folosit\u0103 pentru decorarea b\u0103uturilor. Este utilizat \u00een cafenele, baruri, restaurante \u0219i alte unit\u0103\u021bi de catering.<\/p>\n<p>Caracteristici<br \/>\nDimensiuni: 425x200x305 mm<br \/>\nProductivitate: 65 kg \/ or\u0103<br \/>\nTensiune: 220 V<br \/>\nViteza: 2000 rpm<\/p>\n","protected":false},"excerpt":{"rendered":"<p>Zdrobitor de ghea\u021b\u0103\/ice crusher.\u00a0Dimensiuni: 425x200x305 mm; Productivitate: 65 kg \/ or\u0103; Tensiune: 220 V; Viteza: 2000 rpm.<\/p>\n","protected":false},"featured_media":27428,"template":"","meta":[],"_links":{"self":[{"href":"https:\/\/evotek.md\/ro\/wp-json\/wp\/v2\/product\/27431"}],"collection":[{"href":"https:\/\/evotek.md\/ro\/wp-json\/wp\/v2\/product"}],"about":[{"href":"https:\/\/evotek.md\/ro\/wp-json\/wp\/v2\/types\/product"}],"wp:featuredmedia":[{"embeddable":true,"href":"https:\/\/evotek.md\/ro\/wp-json\/wp\/v2\/media\/27428"}],"wp:attachment":[{"href":"https:\/\/evotek.md\/ro\/wp-json\/wp\/v2\/media?parent=27431"}],"curies":[{"name":"wp","href":"https:\/\/api.w.org\/{rel}","templated":true}]}}