{"id":27425,"date":"2022-01-14T12:55:22","date_gmt":"2022-01-14T12:55:22","guid":{"rendered":"https:\/\/evotek.md\/?post_type=product&#038;p=27425"},"modified":"2022-01-17T08:10:41","modified_gmt":"2022-01-17T08:10:41","slug":"racitor-pentru-sucuri-2-%d1%8520-unq-jd-122","status":"publish","type":"product","link":"https:\/\/evotek.md\/ro\/produse\/echipamente-pentru-bar-si-cafea\/racitor-de-sucuri\/racitor-pentru-sucuri-2-%d1%8520-unq-jd-122\/","title":{"rendered":"R\u0102CITOR PENTRU SUCURI 2 \u044520 -UNQ-JD-122"},"content":{"rendered":"<p><strong>R\u0102CITOR PENTRU SUCURI 2 \u044520 -UNQ-JD-122-<\/strong> Aparatul este conceput pentru ra+\u0103cirea diferitelor tipuri de b\u0103uturi. Corpul este realizat din otel inoxidabil. Compresor silen\u021bios \u0219i economic, utilizat pentru r\u0103cirea \u0219i distribuirea b\u0103uturilor.<\/p>\n<p>Caracteristici<br \/>\nDimensiuni totale: 470x450x700 mm<br \/>\nNum\u0103r de recipiente pentru b\u0103uturi: 2<br \/>\nVolum: 2 x20 l<br \/>\nInterval de temperatur\u0103: 6-11 \u00b0C<br \/>\nPutere: 0,28 kW<br \/>\nConexiune: 220-240V\/50Hz<br \/>\nGreutate: 40 kg<\/p>\n","protected":false},"excerpt":{"rendered":"<p>Racitor pentru sucuri. Dimensiuni totale: 470x450x700 mm; Num\u0103r de recipiente pentru b\u0103uturi: 2; Volum: 2 x20 l; Interval de temperatur\u0103: 6-11 \u00b0C; Putere: 0,28 kW; Conexiune: 220-240V\/50Hz; Greutate: 40 kg.<\/p>\n","protected":false},"featured_media":27418,"template":"","meta":[],"_links":{"self":[{"href":"https:\/\/evotek.md\/ro\/wp-json\/wp\/v2\/product\/27425"}],"collection":[{"href":"https:\/\/evotek.md\/ro\/wp-json\/wp\/v2\/product"}],"about":[{"href":"https:\/\/evotek.md\/ro\/wp-json\/wp\/v2\/types\/product"}],"wp:featuredmedia":[{"embeddable":true,"href":"https:\/\/evotek.md\/ro\/wp-json\/wp\/v2\/media\/27418"}],"wp:attachment":[{"href":"https:\/\/evotek.md\/ro\/wp-json\/wp\/v2\/media?parent=27425"}],"curies":[{"name":"wp","href":"https:\/\/api.w.org\/{rel}","templated":true}]}}