{"id":27420,"date":"2022-01-14T12:27:57","date_gmt":"2022-01-14T12:31:33","guid":{"rendered":"https:\/\/evotek.md\/?post_type=product&#038;p=27420"},"modified":"2022-06-06T14:12:27","modified_gmt":"2022-06-06T14:12:27","slug":"racitor-pentru-sucuri-2-x8-l-unq-jd-182","status":"publish","type":"product","link":"https:\/\/evotek.md\/ro\/produse\/echipamente-pentru-bar-si-cafea\/racitor-de-sucuri\/racitor-pentru-sucuri-2-x8-l-unq-jd-182\/","title":{"rendered":"R\u0102CITOR PENTRU SUCURI 2 x18 l\u00a0-UNQ-JD-182"},"content":{"rendered":"<p><strong>R\u0102CITOR PENTRU SUCURI 2 x18 l -UNQ-JD-182-<\/strong> Aparatul este conceput pentru r\u0103cirea diferitelor tipuri de b\u0103uturi.<\/p>\n<p>Caracteristici<br \/>\nDimensiuni: 350x820x580 mm<br \/>\nNum\u0103r de recipiente pentru b\u0103uturi: 2<br \/>\nVolum: 2 x18 l<br \/>\nInterval de temperatur\u0103: +2-+8 C<\/p>\n","protected":false},"excerpt":{"rendered":"<p>Racitor pentru sucuri 2 \u044518 l. Dimensiuni: 350x820x580 mm; Num\u0103r de recipiente pentru b\u0103uturi: 2; Volum: 2 x18 l; Interval de temperatur\u0103: +2-+8 C.<\/p>\n","protected":false},"featured_media":27418,"template":"","meta":[],"_links":{"self":[{"href":"https:\/\/evotek.md\/ro\/wp-json\/wp\/v2\/product\/27420"}],"collection":[{"href":"https:\/\/evotek.md\/ro\/wp-json\/wp\/v2\/product"}],"about":[{"href":"https:\/\/evotek.md\/ro\/wp-json\/wp\/v2\/types\/product"}],"wp:featuredmedia":[{"embeddable":true,"href":"https:\/\/evotek.md\/ro\/wp-json\/wp\/v2\/media\/27418"}],"wp:attachment":[{"href":"https:\/\/evotek.md\/ro\/wp-json\/wp\/v2\/media?parent=27420"}],"curies":[{"name":"wp","href":"https:\/\/api.w.org\/{rel}","templated":true}]}}