{"id":27414,"date":"2022-01-14T11:40:07","date_gmt":"2022-01-14T11:43:38","guid":{"rendered":"https:\/\/evotek.md\/?post_type=product&#038;p=27414"},"modified":"2022-04-22T08:05:03","modified_gmt":"2022-04-22T08:05:03","slug":"aparat-pentru-kebab-unq-hes-e2","status":"publish","type":"product","link":"https:\/\/evotek.md\/ro\/produse\/echipamente-termice\/aparat-pentru-kebab\/aparat-pentru-kebab-unq-hes-e2\/","title":{"rendered":"APARAT PENTRU KEBAB -UNQ-HES-E2"},"content":{"rendered":"<p><strong>APARAT PENTRU KEBAB -UNQ-HES-E2-<\/strong> Aparatul pentru kebab este conceput pentru pr\u0103jirea unor cantit\u0103\u021bi mari de carne la unit\u0103\u021bile de catering \u0219i comer\u021b. Modelul vertical este echipat cu 3 zone de \u00eenc\u0103lzire, rotire automat\u0103 a acului \u0219i un colector de gr\u0103sime. Carcasa este realizat\u0103 din o\u021bel inoxidabil.<\/p>\n<p>Caracteristici<br \/>\nConexiune: 380 V<br \/>\nNumar zone de incalzire: 2 buc.<br \/>\nAc\u021bionare electric\u0103<br \/>\nLungimea rotitoarei: 550 mm<br \/>\nSarcina maxima: 9 kg<br \/>\nPutere: 9,9 kW<br \/>\nDimensiuni: 534x607x960 mm<br \/>\nGreutate (fara ambalaj): 40 kg<\/p>\n","protected":false},"excerpt":{"rendered":"<p>Aparat pentru kebab. Conexiune: 380 V; Numar zone de incalzire: 2 buc.; Ac\u021bionare electric\u0103; Lungimea rotitoarei: 550 mm; Sarcina maxima: 9 kg; Putere: 9,9 kW; Dimensiuni: 534x607x960 mm; Greutate (fara ambalaj): 40 kg.<\/p>\n","protected":false},"featured_media":27413,"template":"","meta":[],"_links":{"self":[{"href":"https:\/\/evotek.md\/ro\/wp-json\/wp\/v2\/product\/27414"}],"collection":[{"href":"https:\/\/evotek.md\/ro\/wp-json\/wp\/v2\/product"}],"about":[{"href":"https:\/\/evotek.md\/ro\/wp-json\/wp\/v2\/types\/product"}],"wp:featuredmedia":[{"embeddable":true,"href":"https:\/\/evotek.md\/ro\/wp-json\/wp\/v2\/media\/27413"}],"wp:attachment":[{"href":"https:\/\/evotek.md\/ro\/wp-json\/wp\/v2\/media?parent=27414"}],"curies":[{"name":"wp","href":"https:\/\/api.w.org\/{rel}","templated":true}]}}