{"id":27409,"date":"2022-01-14T11:02:08","date_gmt":"2022-01-14T11:02:08","guid":{"rendered":"https:\/\/evotek.md\/?post_type=product&#038;p=27409"},"modified":"2022-01-14T11:04:40","modified_gmt":"2022-01-14T11:04:40","slug":"unq-hcm-1g","status":"publish","type":"product","link":"https:\/\/evotek.md\/ro\/produse\/echipamente-pentru-fast-food\/crepiere\/unq-hcm-1g\/","title":{"rendered":"APARAT PENTRU CL\u0102TITE -UNQ-HCM-1G"},"content":{"rendered":"<div><strong>APARAT PENTRU CL\u0102TITE -UNQ-HCM-1G-<\/strong> Crepiera are o suprafa\u021b\u0103 de lucru \u0219i este conceput\u0103 pentru pr\u0103jirea cl\u0103titelor rotunde. Materialul corpului este realizat din o\u021bel inoxidabil de \u00eenalt\u0103 calitate, u\u0219or de cur\u0103\u021bat. Exist\u0103 o tav\u0103 pentru colectarea gr\u0103similor. Reglare rapid\u0103 \u0219i u\u0219oar\u0103 a temperaturii.<\/div>\n<div><\/div>\n<div>Caracteristici<\/div>\n<div>Dimensiuni: 490x450x230 mm<\/div>\n<div>Putere: 4 kW\/h<\/div>\n","protected":false},"excerpt":{"rendered":"<p>Aparat pentru cl\u0103tite cu o suprafa\u021b\u0103 de lucru. Dimensiuni: 490x450x230 mm; Putere: 4 kW\/h.<\/p>\n","protected":false},"featured_media":27408,"template":"","meta":[],"_links":{"self":[{"href":"https:\/\/evotek.md\/ro\/wp-json\/wp\/v2\/product\/27409"}],"collection":[{"href":"https:\/\/evotek.md\/ro\/wp-json\/wp\/v2\/product"}],"about":[{"href":"https:\/\/evotek.md\/ro\/wp-json\/wp\/v2\/types\/product"}],"wp:featuredmedia":[{"embeddable":true,"href":"https:\/\/evotek.md\/ro\/wp-json\/wp\/v2\/media\/27408"}],"wp:attachment":[{"href":"https:\/\/evotek.md\/ro\/wp-json\/wp\/v2\/media?parent=27409"}],"curies":[{"name":"wp","href":"https:\/\/api.w.org\/{rel}","templated":true}]}}