{"id":27403,"date":"2022-01-14T10:21:41","date_gmt":"2022-01-14T10:24:19","guid":{"rendered":"https:\/\/evotek.md\/?post_type=product&#038;p=27403"},"modified":"2022-08-15T07:55:24","modified_gmt":"2022-08-15T07:55:24","slug":"aparat-pentru-clatite","status":"publish","type":"product","link":"https:\/\/evotek.md\/ro\/produse\/echipamente-pentru-fast-food\/crepiere\/aparat-pentru-clatite\/","title":{"rendered":"APARAT PENTRU CL\u0102TITE PE GAZ -UNQ-HCM-2G"},"content":{"rendered":"<p class=\"product-title product_title entry-title\"><strong>APARAT PENTRU CL\u0102TITE PE GAZ -UNQ-HCM-2G-<\/strong> Aparatul pentru cl\u0103tite are doua suprafe\u021be de lucru \u0219i este conceput pentru pr\u0103jirea cl\u0103titelor rotunde. Materialul carcasei este realizat din o\u021bel inoxidabil de \u00eenalt\u0103 calitate, u\u0219or de cur\u0103\u021bat. Exist\u0103 o tav\u0103 pentru colectarea gr\u0103similor. Reglare rapid\u0103 \u0219i u\u0219oar\u0103 a temperaturii.<\/p>\n<p>Caracteristici<br \/>\nDimensiuni: 860x470x230 mm<br \/>\nPutere: 8 kW\/h<br \/>\nGreutate: 44 kg<\/p>\n","protected":false},"excerpt":{"rendered":"<p>Aparat pentru cl\u0103tite cu dou\u0103 suprafe\u021be de lucru. Dimensiuni: 860x470x230 mm; Putere: 8 kW\/h; Greutate: 44 kg.<\/p>\n","protected":false},"featured_media":27404,"template":"","meta":[],"_links":{"self":[{"href":"https:\/\/evotek.md\/ro\/wp-json\/wp\/v2\/product\/27403"}],"collection":[{"href":"https:\/\/evotek.md\/ro\/wp-json\/wp\/v2\/product"}],"about":[{"href":"https:\/\/evotek.md\/ro\/wp-json\/wp\/v2\/types\/product"}],"wp:featuredmedia":[{"embeddable":true,"href":"https:\/\/evotek.md\/ro\/wp-json\/wp\/v2\/media\/27404"}],"wp:attachment":[{"href":"https:\/\/evotek.md\/ro\/wp-json\/wp\/v2\/media?parent=27403"}],"curies":[{"name":"wp","href":"https:\/\/api.w.org\/{rel}","templated":true}]}}