{"id":27373,"date":"2022-01-12T15:10:13","date_gmt":"2022-01-12T15:14:48","guid":{"rendered":"https:\/\/evotek.md\/?post_type=product&#038;p=27373"},"modified":"2023-02-08T08:17:21","modified_gmt":"2023-02-08T08:17:21","slug":"aparat-pentru-kebab-pe-gaz-unq-hgs-r4","status":"publish","type":"product","link":"https:\/\/evotek.md\/ro\/produse\/echipamente-termice\/aparat-pentru-kebab\/aparat-pentru-kebab-pe-gaz-unq-hgs-r4\/","title":{"rendered":"APARAT PENTRU KEBAB PE GAZ 40 kg -UNQ-HGS-R4"},"content":{"rendered":"<p><strong>APARAT PENTRU KEBAB PE GAZ 40 kg -UNQ-HGS-R4-<\/strong> Modelul vertical este echipat cu 4 zone de \u00eenc\u0103lzire, rotire automat\u0103 a acului \u0219i un colector de gr\u0103sime. Corpul este realizat din o\u021bel inoxidabil.<\/p>\n<p>Caracteristici<br \/>\nNum\u0103rul zonelor de \u00eenc\u0103lzire: 4<br \/>\nPutere 14,8 kW<br \/>\nDimensiuni: 530x630x1050 mm<br \/>\nGreutate: 34 kg<\/p>\n","protected":false},"excerpt":{"rendered":"<p>Aparat pentru kebab pe gaz. Num\u0103rul zonelor de \u00eenc\u0103lzire: 4; Putere 14,8 kW; Dimensiuni: 530x630x1050 mm; Greutate: 34 kg.<\/p>\n","protected":false},"featured_media":27372,"template":"","meta":[],"_links":{"self":[{"href":"https:\/\/evotek.md\/ro\/wp-json\/wp\/v2\/product\/27373"}],"collection":[{"href":"https:\/\/evotek.md\/ro\/wp-json\/wp\/v2\/product"}],"about":[{"href":"https:\/\/evotek.md\/ro\/wp-json\/wp\/v2\/types\/product"}],"wp:featuredmedia":[{"embeddable":true,"href":"https:\/\/evotek.md\/ro\/wp-json\/wp\/v2\/media\/27372"}],"wp:attachment":[{"href":"https:\/\/evotek.md\/ro\/wp-json\/wp\/v2\/media?parent=27373"}],"curies":[{"name":"wp","href":"https:\/\/api.w.org\/{rel}","templated":true}]}}