{"id":27366,"date":"2022-01-12T14:47:58","date_gmt":"2022-01-12T14:47:58","guid":{"rendered":"https:\/\/evotek.md\/?post_type=product&#038;p=27366"},"modified":"2022-01-12T14:47:58","modified_gmt":"2022-01-12T14:47:58","slug":"lava-gril-electric-cu-dulap-unq-hx-907a","status":"publish","type":"product","link":"https:\/\/evotek.md\/ro\/produse\/echipamente-termice\/grill-lava-2-2\/lava-gril-electric-cu-dulap-unq-hx-907a\/","title":{"rendered":"LAVA GRIL ELECTRIC CU DULAP -UNQ-HX-907A"},"content":{"rendered":"<p><strong>LAVA GRIL ELECTRIC CU DULAP -UNQ-HX-907A-<\/strong> v\u0103 permite s\u0103 pr\u0103ji\u021bi \u0219i s\u0103 coace\u021bi. Temperatura reglabil\u0103 v\u0103 permite s\u0103 g\u0103ti\u021bi p\u00e2n\u0103 la gradul de preg\u0103tire necesar. Se folose\u0219te la \u00eentreprinderile de alimenta\u021bie public\u0103 \u0219i comer\u021b pentru pr\u0103jirea c\u0103rnii, pe\u0219tilor \u0219i legumelor. Un recipient cu ap\u0103 v\u0103 permite s\u0103 g\u0103ti\u021bi cu umidificare cu aburi. Func\u021bioneaz\u0103 at\u00e2t pe gaz natural, c\u00e2t \u0219i pe lichefiat; Supape magnetice de siguran\u021b\u0103; Recipient demontabil cu ulei; U\u0219or de cur\u0103\u021bat \u0219i de \u00eengrijit suprafe\u021bele.<\/p>\n<p>Caracteristici<br \/>\nDimensiuni: 800x900x920 mm<br \/>\nNum\u0103r de arz\u0103toare: 2<br \/>\nConexiune: 380 V<br \/>\nPutere: 17 kW<br \/>\nGreutate: 128 kg<br \/>\nSuprafata de lucru: 734&#215;590 mm<\/p>\n","protected":false},"excerpt":{"rendered":"<p>Lava grill electric cu dulap. Dimensiuni: 800x900x920 mm; Num\u0103r de arz\u0103toare: 2; Conexiune: 380 V; Putere: 17 kW; Greutate: 128 kg; Suprafata de lucru: 734&#215;590 mm.<\/p>\n","protected":false},"featured_media":27364,"template":"","meta":[],"_links":{"self":[{"href":"https:\/\/evotek.md\/ro\/wp-json\/wp\/v2\/product\/27366"}],"collection":[{"href":"https:\/\/evotek.md\/ro\/wp-json\/wp\/v2\/product"}],"about":[{"href":"https:\/\/evotek.md\/ro\/wp-json\/wp\/v2\/types\/product"}],"wp:featuredmedia":[{"embeddable":true,"href":"https:\/\/evotek.md\/ro\/wp-json\/wp\/v2\/media\/27364"}],"wp:attachment":[{"href":"https:\/\/evotek.md\/ro\/wp-json\/wp\/v2\/media?parent=27366"}],"curies":[{"name":"wp","href":"https:\/\/api.w.org\/{rel}","templated":true}]}}