{"id":27360,"date":"2022-01-12T13:27:51","date_gmt":"2022-01-12T13:32:15","guid":{"rendered":"https:\/\/evotek.md\/?post_type=product&#038;p=27360"},"modified":"2023-01-18T15:26:10","modified_gmt":"2023-01-18T15:26:10","slug":"unq-hgf-708","status":"publish","type":"product","link":"https:\/\/evotek.md\/ro\/produse\/echipamente-termice\/friteuze-3\/unq-hgf-708\/","title":{"rendered":"FRITEUZA PE GAZ 15+15 L -UNQ-HGF-708"},"content":{"rendered":"<p><strong>FRITEUZA PE GAZ 15+15 L -UNQ-HGF-708-<\/strong> Friteuza este folosit\u0103 \u00een unit\u0103\u021bile de catering pentru prepararea unei game largi de bucate \u00een cantitate mare de ulei sau gr\u0103sime.<\/p>\n<p>Caracteristici<br \/>\nDimensiuni: 700x750x920 mm<br \/>\nVolum: 15 L+15 L<br \/>\nMaterial: otel inoxidabil<br \/>\nConsum gaz GPL: 2800-3700 Pa &#8211; 1,9 kg\/h<br \/>\nConsum de gaz SG: 2000-2500 Pa &#8211; 2,4 mc\/h<br \/>\nPutere: 24 kW<\/p>\n","protected":false},"excerpt":{"rendered":"<p>Friteuz\u0103 dubl\u0103 pe gaz 2&#215;15 L. Dimensiuni: 700x750x920 mm; Volum: 15 L+15 L; Material: otel inoxidabil; Consum gaz GPL: 2800-3700 Pa &#8211; 1,9 kg\/h; Consum de gaz SG: 2000-2500 Pa &#8211; 2,4 mc\/h; Putere: 24 kW.<\/p>\n","protected":false},"featured_media":27359,"template":"","meta":[],"_links":{"self":[{"href":"https:\/\/evotek.md\/ro\/wp-json\/wp\/v2\/product\/27360"}],"collection":[{"href":"https:\/\/evotek.md\/ro\/wp-json\/wp\/v2\/product"}],"about":[{"href":"https:\/\/evotek.md\/ro\/wp-json\/wp\/v2\/types\/product"}],"wp:featuredmedia":[{"embeddable":true,"href":"https:\/\/evotek.md\/ro\/wp-json\/wp\/v2\/media\/27359"}],"wp:attachment":[{"href":"https:\/\/evotek.md\/ro\/wp-json\/wp\/v2\/media?parent=27360"}],"curies":[{"name":"wp","href":"https:\/\/api.w.org\/{rel}","templated":true}]}}