{"id":27351,"date":"2022-01-12T11:59:50","date_gmt":"2022-01-12T11:59:50","guid":{"rendered":"https:\/\/evotek.md\/?post_type=product&#038;p=27351"},"modified":"2022-01-12T13:34:34","modified_gmt":"2022-01-12T13:34:34","slug":"plita-pe-gaz-cu-4-arzatoare-si-cuptor-hgr-905","status":"publish","type":"product","link":"https:\/\/evotek.md\/ro\/produse\/echipamente-termice\/plite-de-gaz\/plita-pe-gaz-cu-4-arzatoare-si-cuptor-hgr-905\/","title":{"rendered":"PLIT\u0102 PE GAZ CU 4 ARZ\u0102TOARE \u0218I CUPTOR -UNQ-HGR-905"},"content":{"rendered":"<p><strong>PLIT\u0102 PE GAZ CU 4 ARZ\u0102TOARE \u0218I CUPTOR -UNQ-HGR-905-<\/strong> Fabricat din inox, robust \u0219i durabil. Aprindere electrica direct\u0103 cu sc\u00e2nteie, dispozitiv de siguran\u021b\u0103 a fl\u0103c\u0103rii pentru fiecare element. Arz\u0103tor de gaz cu rezisten\u021b\u0103 mare, cu comutator individual \u0219i termostat. Picioare reglabile.<\/p>\n<p>Caracteristici<br \/>\nDimensiune: 800x900x920 mm<br \/>\nDimensiunea cuptorului: 550x680x270 mm<br \/>\nConsum de gaz LPG: 2800-3700Pa, 2,62 kg \/ h<\/p>\n","protected":false},"excerpt":{"rendered":"<p>Plit\u0103 pe gaz cu 4 arz\u0103toare \u0219i cuptor. Dimensiune: 800x900x920 mm; Dimensiunea cuptorului: 550x680x270 mm; Consum de gaz LPG: 2800-3700Pa, 2,62 kg \/ h.<\/p>\n","protected":false},"featured_media":27350,"template":"","meta":[],"_links":{"self":[{"href":"https:\/\/evotek.md\/ro\/wp-json\/wp\/v2\/product\/27351"}],"collection":[{"href":"https:\/\/evotek.md\/ro\/wp-json\/wp\/v2\/product"}],"about":[{"href":"https:\/\/evotek.md\/ro\/wp-json\/wp\/v2\/types\/product"}],"wp:featuredmedia":[{"embeddable":true,"href":"https:\/\/evotek.md\/ro\/wp-json\/wp\/v2\/media\/27350"}],"wp:attachment":[{"href":"https:\/\/evotek.md\/ro\/wp-json\/wp\/v2\/media?parent=27351"}],"curies":[{"name":"wp","href":"https:\/\/api.w.org\/{rel}","templated":true}]}}