{"id":27343,"date":"2022-01-11T10:28:28","date_gmt":"2022-01-11T10:31:49","guid":{"rendered":"https:\/\/evotek.md\/?post_type=product&#038;p=27343"},"modified":"2023-02-28T13:33:14","modified_gmt":"2023-02-28T13:33:14","slug":"friteuza-11-l-fr-11","status":"publish","type":"product","link":"https:\/\/evotek.md\/ro\/produse\/echipamente-termice\/friteuze-3\/friteuza-11-l-fr-11\/","title":{"rendered":"FRITEUZA ELECTRICA, 11 LITRI -FR-11"},"content":{"rendered":"<p><strong>FRITEUZA ELECTRICA, 11 LITRI -FR-11-<\/strong>\u00a0Friteuz\u0103 electric\u0103 profesional\u0103 folosit\u0103 pentru prepararea cartofilor pai, gogo\u0219i, paste, etc. Caracteristici: Friteuza este echipat\u0103 cu un co\u0219 rezistent din o\u021bel inoxidabil cu diametrul de 1,0 mm, ceea ce ii cre\u0219te semnificativ durata de via\u021b\u0103. Un termostat de siguran\u021b\u0103 ofer\u0103 protec\u021bie \u00eempotriva aprinderii uleiului. Distan\u021ba \u00eentre elementul de \u00eenc\u0103lzire \u0219i cuv\u0103 previne supra\u00eenc\u0103lzirea uleiului. Regimul de temperatur\u0103 setat este men\u021binut automat de c\u0103tre termostat. M\u00e2nerul mare confortabil al co\u0219ului este realizat din material rezistent la c\u0103ldur\u0103.<\/p>\n<p>Caracteristici<br \/>\nNum\u0103r de cuve: 1<br \/>\nVolumul cuvei: 11 l<br \/>\nUnitate de control: deta\u0219abil\u0103<br \/>\nTermostat: +50 \u2013 +200 C<br \/>\n2 termostate (de lucru \u0219i de urgen\u021b\u0103)<br \/>\nMaterial carcasa: o\u021bel inoxidabil<br \/>\nTensiune: 230 V<br \/>\nPutere: 4 kW<br \/>\nDimensiuni: (l\/l\/\u00ee) 360x580x290 mm<br \/>\nGreutate: 11 KG<\/p>\n","protected":false},"excerpt":{"rendered":"<p>Friteuz\u0103 electric\u0103 profesional\u0103. Num\u0103r de cuve: 1; Volumul cuvei: 11 l; Unitate de control: deta\u0219abil\u0103; Termostat: +50 \u2013 +200 C; 2 termostate (de lucru \u0219i de urgen\u021b\u0103); Material carcasa: o\u021bel inoxidabil; Tensiune: 230 V; Putere: 4 kW; Dimensiuni: (l\/l\/\u00ee) 360x580x290 mm; Greutate: 11 KG.<\/p>\n","protected":false},"featured_media":27326,"template":"","meta":[],"_links":{"self":[{"href":"https:\/\/evotek.md\/ro\/wp-json\/wp\/v2\/product\/27343"}],"collection":[{"href":"https:\/\/evotek.md\/ro\/wp-json\/wp\/v2\/product"}],"about":[{"href":"https:\/\/evotek.md\/ro\/wp-json\/wp\/v2\/types\/product"}],"wp:featuredmedia":[{"embeddable":true,"href":"https:\/\/evotek.md\/ro\/wp-json\/wp\/v2\/media\/27326"}],"wp:attachment":[{"href":"https:\/\/evotek.md\/ro\/wp-json\/wp\/v2\/media?parent=27343"}],"curies":[{"name":"wp","href":"https:\/\/api.w.org\/{rel}","templated":true}]}}