{"id":27302,"date":"2022-01-04T10:32:28","date_gmt":"2022-01-04T10:37:35","guid":{"rendered":"https:\/\/evotek.md\/?post_type=product&#038;p=27302"},"modified":"2022-01-04T10:37:36","modified_gmt":"2022-01-04T10:37:36","slug":"hkn-rh3","status":"publish","type":"product","link":"https:\/\/evotek.md\/ro\/produse\/echipamente-termice\/hkn-rh3\/","title":{"rendered":"\u00ceNC\u0102LZITOR ELECTRIC PENTRU CARTOFI PAI -HKN-RH3"},"content":{"rendered":"<p><strong>\u00ceNC\u0102LZITOR ELECTRIC PENTRU CARTOFI PAI -HKN-RH3-<\/strong> \u00cenc\u0103lzitorul electric pentru cartofi pai este destinat expunerii produsului \u0219i men\u021binerii acestuia la cald. Potrivit pentru utilizare \u00een bufete, cafenele \u0219i puncte de service mici.<\/p>\n<p>Caracteristici<br \/>\nPutere: 0,65 kW<br \/>\nTensiune: 220 V<br \/>\nDimensiuni totale: 800x710x665 mm<br \/>\nMaterial carcas\u0103: otel inoxidabil<br \/>\n5 compartimente pentru plicuri de cartofi<\/p>\n","protected":false},"excerpt":{"rendered":"<p>\u00cenc\u0103lzitorul electric pentru cartofi pai. Putere: 0,65 kW; Tensiune: 220 V; Dimensiuni totale: 800x710x665 mm; Material carcas\u0103: otel inoxidabil; 5 compartimente pentru plicuri de cartofi.<\/p>\n","protected":false},"featured_media":27301,"template":"","meta":[],"_links":{"self":[{"href":"https:\/\/evotek.md\/ro\/wp-json\/wp\/v2\/product\/27302"}],"collection":[{"href":"https:\/\/evotek.md\/ro\/wp-json\/wp\/v2\/product"}],"about":[{"href":"https:\/\/evotek.md\/ro\/wp-json\/wp\/v2\/types\/product"}],"wp:featuredmedia":[{"embeddable":true,"href":"https:\/\/evotek.md\/ro\/wp-json\/wp\/v2\/media\/27301"}],"wp:attachment":[{"href":"https:\/\/evotek.md\/ro\/wp-json\/wp\/v2\/media?parent=27302"}],"curies":[{"name":"wp","href":"https:\/\/api.w.org\/{rel}","templated":true}]}}