{"id":27279,"date":"2021-12-30T14:04:32","date_gmt":"2021-12-30T14:04:32","guid":{"rendered":"https:\/\/evotek.md\/?post_type=product&#038;p=27279"},"modified":"2021-12-30T14:05:42","modified_gmt":"2021-12-30T14:05:42","slug":"sort-galben-125x90-cm-sanelli-1859-125y","status":"publish","type":"product","link":"https:\/\/evotek.md\/ro\/produse\/accesorii-si-inventar-bucatarie\/accesorii-neclasificate\/sort-galben-125x90-cm-sanelli-1859-125y\/","title":{"rendered":"\u0218OR\u021a GALBEN DIN POLIURETAN 125\u00d790 cm Sanelli-1859.125Y"},"content":{"rendered":"<p><strong>\u0218OR\u021a GALBEN DIN POLIURETAN 125\u00d790 cm Sanelli-1859.125Y- <\/strong>Material: poliuretan. Rezisten\u021b\u0103 excelent\u0103 la gr\u0103sime, s\u00e2nge \u0219i agen\u021bi de cur\u0103\u021bare, rezisten\u021b\u0103 la temperatur\u0103 de la -20 \u00b0C p\u00e2n\u0103 la + 100 \u00b0C.<\/p>\n<div>Suprafa\u021ba este moale, neted\u0103, lucioas\u0103, u\u0219or de cur\u0103\u021bat, reutilizabil\u0103 \u0219i nu se \u00eent\u0103re\u0219te.<\/div>\n<div>Cur\u0103\u021bare: Sp\u0103la\u021bi \u0219i peria\u021bi \u00een ap\u0103 fierbinte (40 \u00b0C) cu s\u0103pun.<\/div>\n<div><\/div>\n<div>Grosime: 300 microni<\/div>\n<div>Dimensiuni: 90 cm x \u00een\u0103l\u021bime 125 (inclusiv g\u00e2t)<\/div>\n<div>Culoare: Glben<\/div>\n","protected":false},"excerpt":{"rendered":"<div>\u0218or\u021b galben din poliuretan. Grosime: 300 microni; Dimensiuni: 90 cm x \u00een\u0103l\u021bime 125 (inclusiv g\u00e2t); Culoare: Glben.<\/div>\n","protected":false},"featured_media":27278,"template":"","meta":[],"_links":{"self":[{"href":"https:\/\/evotek.md\/ro\/wp-json\/wp\/v2\/product\/27279"}],"collection":[{"href":"https:\/\/evotek.md\/ro\/wp-json\/wp\/v2\/product"}],"about":[{"href":"https:\/\/evotek.md\/ro\/wp-json\/wp\/v2\/types\/product"}],"wp:featuredmedia":[{"embeddable":true,"href":"https:\/\/evotek.md\/ro\/wp-json\/wp\/v2\/media\/27278"}],"wp:attachment":[{"href":"https:\/\/evotek.md\/ro\/wp-json\/wp\/v2\/media?parent=27279"}],"curies":[{"name":"wp","href":"https:\/\/api.w.org\/{rel}","templated":true}]}}